{"id":123199,"date":"2024-11-25T15:45:31","date_gmt":"2024-11-25T14:45:31","guid":{"rendered":"https:\/\/www.padelariumgava.com\/?page_id=123199"},"modified":"2025-06-17T10:36:26","modified_gmt":"2025-06-17T09:36:26","slug":"normativa-escuela","status":"publish","type":"page","link":"https:\/\/www.padelariumgava.com\/es\/normativa-escuela\/","title":{"rendered":"Normativa Escuela de P\u00e1del"},"content":{"rendered":"\t\t<div data-elementor-type=\"wp-page\" data-elementor-id=\"123199\" class=\"elementor elementor-123199 elementor-15110\" data-elementor-post-type=\"page\">\n\t\t\t\t\t\t<section class=\"elementor-section elementor-top-section elementor-element elementor-element-31bad9b1 elementor-section-boxed elementor-section-height-default elementor-section-height-default\" data-id=\"31bad9b1\" data-element_type=\"section\" data-e-type=\"section\">\n\t\t\t\t\t\t<div class=\"elementor-container elementor-column-gap-default\">\n\t\t\t\t\t<div class=\"elementor-column elementor-col-100 elementor-top-column elementor-element elementor-element-577d7d24\" data-id=\"577d7d24\" data-element_type=\"column\" data-e-type=\"column\">\n\t\t\t<div class=\"elementor-widget-wrap elementor-element-populated\">\n\t\t\t\t\t\t<div class=\"elementor-element elementor-element-19b0ffa1 elementor-widget elementor-widget-heading\" data-id=\"19b0ffa1\" data-element_type=\"widget\" data-e-type=\"widget\" data-widget_type=\"heading.default\">\n\t\t\t\t<div class=\"elementor-widget-container\">\n\t\t\t\t\t<h1 class=\"elementor-heading-title elementor-size-default\">Normativa escuela de p\u00e1del<\/h1>\t\t\t\t<\/div>\n\t\t\t\t<\/div>\n\t\t\t\t<div class=\"elementor-element elementor-element-5029318b elementor-widget elementor-widget-heading\" data-id=\"5029318b\" data-element_type=\"widget\" data-e-type=\"widget\" data-widget_type=\"heading.default\">\n\t\t\t\t<div class=\"elementor-widget-container\">\n\t\t\t\t\t<h3 class=\"elementor-heading-title elementor-size-default\">Calendario<\/h3>\t\t\t\t<\/div>\n\t\t\t\t<\/div>\n\t\t\t\t<div class=\"elementor-element elementor-element-4da20add elementor-widget elementor-widget-text-editor\" data-id=\"4da20add\" data-element_type=\"widget\" data-e-type=\"widget\" data-widget_type=\"text-editor.default\">\n\t\t\t\t<div class=\"elementor-widget-container\">\n\t\t\t\t\t\t\t\t\t<p>El calendario de la actividad es desde el lunes 1 de septiembre de 2025 al martes 30 de junio de 2026.<\/p><p>Los d\u00edas festivos no se impartir\u00e1n clases, siguiendo el calendario escolar.<\/p><p>Los per\u00edodos de vacaciones son:<\/p>\t\t\t\t\t\t\t\t<\/div>\n\t\t\t\t<\/div>\n\t\t\t\t<div class=\"elementor-element elementor-element-4e089a98 elementor-align-start elementor-icon-list--layout-traditional elementor-list-item-link-full_width elementor-widget elementor-widget-icon-list\" data-id=\"4e089a98\" data-element_type=\"widget\" data-e-type=\"widget\" data-widget_type=\"icon-list.default\">\n\t\t\t\t<div class=\"elementor-widget-container\">\n\t\t\t\t\t\t\t<ul class=\"elementor-icon-list-items\">\n\t\t\t\t\t\t\t<li class=\"elementor-icon-list-item\">\n\t\t\t\t\t\t\t\t\t\t\t<span class=\"elementor-icon-list-icon\">\n\t\t\t\t\t\t\t<i aria-hidden=\"true\" class=\"fas fa-chevron-circle-right\"><\/i>\t\t\t\t\t\t<\/span>\n\t\t\t\t\t\t\t\t\t\t<span class=\"elementor-icon-list-text\">Vacaciones de Navidad: del 22 de diciembre de 2025 al 6 de enero de 2026 (incluidos).<\/span>\n\t\t\t\t\t\t\t\t\t<\/li>\n\t\t\t\t\t\t\t\t<li class=\"elementor-icon-list-item\">\n\t\t\t\t\t\t\t\t\t\t\t<span class=\"elementor-icon-list-icon\">\n\t\t\t\t\t\t\t<i aria-hidden=\"true\" class=\"fas fa-chevron-circle-right\"><\/i>\t\t\t\t\t\t<\/span>\n\t\t\t\t\t\t\t\t\t\t<span class=\"elementor-icon-list-text\">Semana Santa: del 30 de marzo al 6 de abril de 2026 (incluidos).<\/span>\n\t\t\t\t\t\t\t\t\t<\/li>\n\t\t\t\t\t\t<\/ul>\n\t\t\t\t\t\t<\/div>\n\t\t\t\t<\/div>\n\t\t\t\t<div class=\"elementor-element elementor-element-7edbe86e elementor-widget elementor-widget-text-editor\" data-id=\"7edbe86e\" data-element_type=\"widget\" data-e-type=\"widget\" data-widget_type=\"text-editor.default\">\n\t\t\t\t<div class=\"elementor-widget-container\">\n\t\t\t\t\t\t\t\t\t<p>La duraci\u00f3n de la actividad es de 10 meses.<\/p>\t\t\t\t\t\t\t\t<\/div>\n\t\t\t\t<\/div>\n\t\t\t\t<div class=\"elementor-element elementor-element-75214917 elementor-widget elementor-widget-heading\" data-id=\"75214917\" data-element_type=\"widget\" data-e-type=\"widget\" data-widget_type=\"heading.default\">\n\t\t\t\t<div class=\"elementor-widget-container\">\n\t\t\t\t\t<h3 class=\"elementor-heading-title elementor-size-default\">Acceso a la instalaci\u00f3n<\/h3>\t\t\t\t<\/div>\n\t\t\t\t<\/div>\n\t\t\t\t<div class=\"elementor-element elementor-element-592a9d20 elementor-align-start elementor-icon-list--layout-traditional elementor-list-item-link-full_width elementor-widget elementor-widget-icon-list\" data-id=\"592a9d20\" data-element_type=\"widget\" data-e-type=\"widget\" data-widget_type=\"icon-list.default\">\n\t\t\t\t<div class=\"elementor-widget-container\">\n\t\t\t\t\t\t\t<ul class=\"elementor-icon-list-items\">\n\t\t\t\t\t\t\t<li class=\"elementor-icon-list-item\">\n\t\t\t\t\t\t\t\t\t\t\t<span class=\"elementor-icon-list-icon\">\n\t\t\t\t\t\t\t<i aria-hidden=\"true\" class=\"fas fa-chevron-circle-right\"><\/i>\t\t\t\t\t\t<\/span>\n\t\t\t\t\t\t\t\t\t\t<span class=\"elementor-icon-list-text\">Las personas inscritas en la escuela de p\u00e1del se esperar\u00e1n fuera de la pista correspondiente hasta el inicio de la actividad. El 1.er d\u00eda el\/la responsable de p\u00e1del indicar\u00e1 el n\u00famero de pista d\u00f3nde se desarrolla la actividad. <\/span>\n\t\t\t\t\t\t\t\t\t<\/li>\n\t\t\t\t\t\t\t\t<li class=\"elementor-icon-list-item\">\n\t\t\t\t\t\t\t\t\t\t\t<span class=\"elementor-icon-list-icon\">\n\t\t\t\t\t\t\t<i aria-hidden=\"true\" class=\"fas fa-chevron-circle-right\"><\/i>\t\t\t\t\t\t<\/span>\n\t\t\t\t\t\t\t\t\t\t<span class=\"elementor-icon-list-text\">Se ruega la m\u00e1xima puntualidad para el correcto desarrollo de la actividad. <\/span>\n\t\t\t\t\t\t\t\t\t<\/li>\n\t\t\t\t\t\t\t\t<li class=\"elementor-icon-list-item\">\n\t\t\t\t\t\t\t\t\t\t\t<span class=\"elementor-icon-list-icon\">\n\t\t\t\t\t\t\t<i aria-hidden=\"true\" class=\"fas fa-chevron-circle-right\"><\/i>\t\t\t\t\t\t<\/span>\n\t\t\t\t\t\t\t\t\t\t<span class=\"elementor-icon-list-text\">El acceso a pistas est\u00e1 restringido a las personas inscritas en la actividad. <\/span>\n\t\t\t\t\t\t\t\t\t<\/li>\n\t\t\t\t\t\t\t\t<li class=\"elementor-icon-list-item\">\n\t\t\t\t\t\t\t\t\t\t\t<span class=\"elementor-icon-list-icon\">\n\t\t\t\t\t\t\t<i aria-hidden=\"true\" class=\"fas fa-chevron-circle-right\"><\/i>\t\t\t\t\t\t<\/span>\n\t\t\t\t\t\t\t\t\t\t<span class=\"elementor-icon-list-text\">Los\/as acompa\u00f1antes podr\u00e1n esperar o ver los entrenamientos desde la cafeter\u00eda o las zonas de espera habilitadas en el club.<\/span>\n\t\t\t\t\t\t\t\t\t<\/li>\n\t\t\t\t\t\t\t\t<li class=\"elementor-icon-list-item\">\n\t\t\t\t\t\t\t\t\t\t\t<span class=\"elementor-icon-list-icon\">\n\t\t\t\t\t\t\t<i aria-hidden=\"true\" class=\"fas fa-chevron-circle-right\"><\/i>\t\t\t\t\t\t<\/span>\n\t\t\t\t\t\t\t\t\t\t<span class=\"elementor-icon-list-text\">En el caso de los\/as ni\u00f1os\/as, en caso de llegar antes de hora, ninguna persona de la instalaci\u00f3n se har\u00e1 cargo hasta la hora de inicio de la actividad. <\/span>\n\t\t\t\t\t\t\t\t\t<\/li>\n\t\t\t\t\t\t\t\t<li class=\"elementor-icon-list-item\">\n\t\t\t\t\t\t\t\t\t\t\t<span class=\"elementor-icon-list-icon\">\n\t\t\t\t\t\t\t<i aria-hidden=\"true\" class=\"fas fa-chevron-circle-right\"><\/i>\t\t\t\t\t\t<\/span>\n\t\t\t\t\t\t\t\t\t\t<span class=\"elementor-icon-list-text\">En caso de que no haya ninguna persona que recoja al\/a ni\u00f1o\/a despu\u00e9s de finalizar la actividad, si no ha habido ning\u00fan aviso previo del retraso, la organizaci\u00f3n no se har\u00e1 responsable de la tutela del\/la menor.<\/span>\n\t\t\t\t\t\t\t\t\t<\/li>\n\t\t\t\t\t\t<\/ul>\n\t\t\t\t\t\t<\/div>\n\t\t\t\t<\/div>\n\t\t\t\t<div class=\"elementor-element elementor-element-1ed468cf elementor-widget elementor-widget-heading\" data-id=\"1ed468cf\" data-element_type=\"widget\" data-e-type=\"widget\" data-widget_type=\"heading.default\">\n\t\t\t\t<div class=\"elementor-widget-container\">\n\t\t\t\t\t<h3 class=\"elementor-heading-title elementor-size-default\">Material necesario<\/h3>\t\t\t\t<\/div>\n\t\t\t\t<\/div>\n\t\t\t\t<div class=\"elementor-element elementor-element-68becd3d elementor-align-start elementor-icon-list--layout-traditional elementor-list-item-link-full_width elementor-widget elementor-widget-icon-list\" data-id=\"68becd3d\" data-element_type=\"widget\" data-e-type=\"widget\" data-widget_type=\"icon-list.default\">\n\t\t\t\t<div class=\"elementor-widget-container\">\n\t\t\t\t\t\t\t<ul class=\"elementor-icon-list-items\">\n\t\t\t\t\t\t\t<li class=\"elementor-icon-list-item\">\n\t\t\t\t\t\t\t\t\t\t\t<span class=\"elementor-icon-list-icon\">\n\t\t\t\t\t\t\t<i aria-hidden=\"true\" class=\"fas fa-chevron-circle-right\"><\/i>\t\t\t\t\t\t<\/span>\n\t\t\t\t\t\t\t\t\t\t<span class=\"elementor-icon-list-text\">Ropa deportiva c\u00f3moda. Hay que llevar la camiseta de la escuela que se entregar\u00e1 durante el 1.er mes de inicio de la actividad.<\/span>\n\t\t\t\t\t\t\t\t\t<\/li>\n\t\t\t\t\t\t\t\t<li class=\"elementor-icon-list-item\">\n\t\t\t\t\t\t\t\t\t\t\t<span class=\"elementor-icon-list-icon\">\n\t\t\t\t\t\t\t<i aria-hidden=\"true\" class=\"fas fa-chevron-circle-right\"><\/i>\t\t\t\t\t\t<\/span>\n\t\t\t\t\t\t\t\t\t\t<span class=\"elementor-icon-list-text\">El calzado que hay que llevar son zapatillas deportivas. Se recomienda que la suela sea de espiga o alguna otra espec\u00edfica de p\u00e1del. Los\/as t\u00e9cnicos\/as os asesorar\u00e1n sobre la elecci\u00f3n del calzado adecuado. <\/span>\n\t\t\t\t\t\t\t\t\t<\/li>\n\t\t\t\t\t\t\t\t<li class=\"elementor-icon-list-item\">\n\t\t\t\t\t\t\t\t\t\t\t<span class=\"elementor-icon-list-icon\">\n\t\t\t\t\t\t\t<i aria-hidden=\"true\" class=\"fas fa-chevron-circle-right\"><\/i>\t\t\t\t\t\t<\/span>\n\t\t\t\t\t\t\t\t\t\t<span class=\"elementor-icon-list-text\">Padelarium dispone de todo el material para llevar a cabo la actividad. Se recomienda, a medida que avanza el aprendizaje del deporte, que cada ni\u00f1o tenga su propia pala. Los\/as t\u00e9cnicos\/as os asesorar\u00e1n sobre la elecci\u00f3n de la pala adecuada.<\/span>\n\t\t\t\t\t\t\t\t\t<\/li>\n\t\t\t\t\t\t<\/ul>\n\t\t\t\t\t\t<\/div>\n\t\t\t\t<\/div>\n\t\t\t\t<div class=\"elementor-element elementor-element-7d3d111f elementor-widget elementor-widget-heading\" data-id=\"7d3d111f\" data-element_type=\"widget\" data-e-type=\"widget\" data-widget_type=\"heading.default\">\n\t\t\t\t<div class=\"elementor-widget-container\">\n\t\t\t\t\t<h3 class=\"elementor-heading-title elementor-size-default\">Comportamiento<\/h3>\t\t\t\t<\/div>\n\t\t\t\t<\/div>\n\t\t\t\t<div class=\"elementor-element elementor-element-460b108f elementor-align-start elementor-icon-list--layout-traditional elementor-list-item-link-full_width elementor-widget elementor-widget-icon-list\" data-id=\"460b108f\" data-element_type=\"widget\" data-e-type=\"widget\" data-widget_type=\"icon-list.default\">\n\t\t\t\t<div class=\"elementor-widget-container\">\n\t\t\t\t\t\t\t<ul class=\"elementor-icon-list-items\">\n\t\t\t\t\t\t\t<li class=\"elementor-icon-list-item\">\n\t\t\t\t\t\t\t\t\t\t\t<span class=\"elementor-icon-list-icon\">\n\t\t\t\t\t\t\t<i aria-hidden=\"true\" class=\"fas fa-chevron-circle-right\"><\/i>\t\t\t\t\t\t<\/span>\n\t\t\t\t\t\t\t\t\t\t<span class=\"elementor-icon-list-text\">En cualquier caso se tendr\u00e1 en cuenta la normativa de r\u00e9gimen interno del centro. <\/span>\n\t\t\t\t\t\t\t\t\t<\/li>\n\t\t\t\t\t\t\t\t<li class=\"elementor-icon-list-item\">\n\t\t\t\t\t\t\t\t\t\t\t<span class=\"elementor-icon-list-icon\">\n\t\t\t\t\t\t\t<i aria-hidden=\"true\" class=\"fas fa-chevron-circle-right\"><\/i>\t\t\t\t\t\t<\/span>\n\t\t\t\t\t\t\t\t\t\t<span class=\"elementor-icon-list-text\">Los da\u00f1os y\/o desperfectos ocasionados en la instalaci\u00f3n y\/o al material comportar\u00e1n su reposici\u00f3n, puede suponer la perdida del derecho del inscrito.<\/span>\n\t\t\t\t\t\t\t\t\t<\/li>\n\t\t\t\t\t\t<\/ul>\n\t\t\t\t\t\t<\/div>\n\t\t\t\t<\/div>\n\t\t\t\t<div class=\"elementor-element elementor-element-65bb5b10 elementor-widget elementor-widget-text-editor\" data-id=\"65bb5b10\" data-element_type=\"widget\" data-e-type=\"widget\" data-widget_type=\"text-editor.default\">\n\t\t\t\t<div class=\"elementor-widget-container\">\n\t\t\t\t\t\t\t\t\t<p><strong>El incumplimiento de cualquiera de las normativas puede suponer la p\u00e9rdida de los derechos de inscripci\u00f3n, tanto de la instalaci\u00f3n como de las actividades.<\/strong><\/p>\t\t\t\t\t\t\t\t<\/div>\n\t\t\t\t<\/div>\n\t\t\t\t<div class=\"elementor-element elementor-element-7f658115 elementor-widget elementor-widget-heading\" data-id=\"7f658115\" data-element_type=\"widget\" data-e-type=\"widget\" data-widget_type=\"heading.default\">\n\t\t\t\t<div class=\"elementor-widget-container\">\n\t\t\t\t\t<h3 class=\"elementor-heading-title elementor-size-default\">Abono y renovaci\u00f3n<\/h3>\t\t\t\t<\/div>\n\t\t\t\t<\/div>\n\t\t\t\t<div class=\"elementor-element elementor-element-519f745e elementor-align-start elementor-icon-list--layout-traditional elementor-list-item-link-full_width elementor-widget elementor-widget-icon-list\" data-id=\"519f745e\" data-element_type=\"widget\" data-e-type=\"widget\" data-widget_type=\"icon-list.default\">\n\t\t\t\t<div class=\"elementor-widget-container\">\n\t\t\t\t\t\t\t<ul class=\"elementor-icon-list-items\">\n\t\t\t\t\t\t\t<li class=\"elementor-icon-list-item\">\n\t\t\t\t\t\t\t\t\t\t\t<span class=\"elementor-icon-list-icon\">\n\t\t\t\t\t\t\t<i aria-hidden=\"true\" class=\"fas fa-chevron-circle-right\"><\/i>\t\t\t\t\t\t<\/span>\n\t\t\t\t\t\t\t\t\t\t<span class=\"elementor-icon-list-text\">Para inscribirse en la actividad hay que formalizar la inscripci\u00f3n en la recepci\u00f3n del club. <\/span>\n\t\t\t\t\t\t\t\t\t<\/li>\n\t\t\t\t\t\t\t\t<li class=\"elementor-icon-list-item\">\n\t\t\t\t\t\t\t\t\t\t\t<span class=\"elementor-icon-list-icon\">\n\t\t\t\t\t\t\t<i aria-hidden=\"true\" class=\"fas fa-chevron-circle-right\"><\/i>\t\t\t\t\t\t<\/span>\n\t\t\t\t\t\t\t\t\t\t<span class=\"elementor-icon-list-text\">El 1.er pago se har\u00e1 en efectivo o tarjeta, el resto por domiciliaci\u00f3n bancaria. <\/span>\n\t\t\t\t\t\t\t\t\t<\/li>\n\t\t\t\t\t\t\t\t<li class=\"elementor-icon-list-item\">\n\t\t\t\t\t\t\t\t\t\t\t<span class=\"elementor-icon-list-icon\">\n\t\t\t\t\t\t\t<i aria-hidden=\"true\" class=\"fas fa-chevron-circle-right\"><\/i>\t\t\t\t\t\t<\/span>\n\t\t\t\t\t\t\t\t\t\t<span class=\"elementor-icon-list-text\">Los <b>recibos impagados<\/b> tendr\u00e1n un <b>recargo de 4,5 \u20ac<\/b> por la tramitaci\u00f3n administrativa.<\/span>\n\t\t\t\t\t\t\t\t\t<\/li>\n\t\t\t\t\t\t\t\t<li class=\"elementor-icon-list-item\">\n\t\t\t\t\t\t\t\t\t\t\t<span class=\"elementor-icon-list-icon\">\n\t\t\t\t\t\t\t<i aria-hidden=\"true\" class=\"fas fa-chevron-circle-right\"><\/i>\t\t\t\t\t\t<\/span>\n\t\t\t\t\t\t\t\t\t\t<span class=\"elementor-icon-list-text\">El pago se hace mensualmente por domiciliaci\u00f3n bancaria. El no pago de un recibo implicar\u00e1 la baja autom\u00e1tica de la actividad. <\/span>\n\t\t\t\t\t\t\t\t\t<\/li>\n\t\t\t\t\t\t\t\t<li class=\"elementor-icon-list-item\">\n\t\t\t\t\t\t\t\t\t\t\t<span class=\"elementor-icon-list-icon\">\n\t\t\t\t\t\t\t<i aria-hidden=\"true\" class=\"fas fa-chevron-circle-right\"><\/i>\t\t\t\t\t\t<\/span>\n\t\t\t\t\t\t\t\t\t\t<span class=\"elementor-icon-list-text\"><b>En caso de no renovar, hay que comunicarlo en recepci\u00f3n antes del d\u00eda 20 del \u00faltimo mes en curso.<\/b><\/span>\n\t\t\t\t\t\t\t\t\t<\/li>\n\t\t\t\t\t\t<\/ul>\n\t\t\t\t\t\t<\/div>\n\t\t\t\t<\/div>\n\t\t\t\t<div class=\"elementor-element elementor-element-d1e1e0d elementor-widget elementor-widget-heading\" data-id=\"d1e1e0d\" data-element_type=\"widget\" data-e-type=\"widget\" data-widget_type=\"heading.default\">\n\t\t\t\t<div class=\"elementor-widget-container\">\n\t\t\t\t\t<h3 class=\"elementor-heading-title elementor-size-default\">Otros datos de inter\u00e9s<\/h3>\t\t\t\t<\/div>\n\t\t\t\t<\/div>\n\t\t\t\t<div class=\"elementor-element elementor-element-34d95c69 elementor-align-start elementor-icon-list--layout-traditional elementor-list-item-link-full_width elementor-widget elementor-widget-icon-list\" data-id=\"34d95c69\" data-element_type=\"widget\" data-e-type=\"widget\" data-widget_type=\"icon-list.default\">\n\t\t\t\t<div class=\"elementor-widget-container\">\n\t\t\t\t\t\t\t<ul class=\"elementor-icon-list-items\">\n\t\t\t\t\t\t\t<li class=\"elementor-icon-list-item\">\n\t\t\t\t\t\t\t\t\t\t\t<span class=\"elementor-icon-list-icon\">\n\t\t\t\t\t\t\t<i aria-hidden=\"true\" class=\"fas fa-chevron-circle-right\"><\/i>\t\t\t\t\t\t<\/span>\n\t\t\t\t\t\t\t\t\t\t<span class=\"elementor-icon-list-text\"><b>La firma de la inscripci\u00f3n conlleva la aceptaci\u00f3n de la normativa antes expuesta. <\/b><\/span>\n\t\t\t\t\t\t\t\t\t<\/li>\n\t\t\t\t\t\t\t\t<li class=\"elementor-icon-list-item\">\n\t\t\t\t\t\t\t\t\t\t\t<span class=\"elementor-icon-list-icon\">\n\t\t\t\t\t\t\t<i aria-hidden=\"true\" class=\"fas fa-chevron-circle-right\"><\/i>\t\t\t\t\t\t<\/span>\n\t\t\t\t\t\t\t\t\t\t<span class=\"elementor-icon-list-text\">Para la realizaci\u00f3n de la actividad ser\u00e1 necesario que haya un m\u00ednimo de inscritos\/as determinado por centro seg\u00fan el grupo.<\/span>\n\t\t\t\t\t\t\t\t\t<\/li>\n\t\t\t\t\t\t\t\t<li class=\"elementor-icon-list-item\">\n\t\t\t\t\t\t\t\t\t\t\t<span class=\"elementor-icon-list-icon\">\n\t\t\t\t\t\t\t<i aria-hidden=\"true\" class=\"fas fa-chevron-circle-right\"><\/i>\t\t\t\t\t\t<\/span>\n\t\t\t\t\t\t\t\t\t\t<span class=\"elementor-icon-list-text\"><b>No se har\u00e1 la devoluci\u00f3n de ninguna mensualidad una vez iniciado el curso. <\/b><\/span>\n\t\t\t\t\t\t\t\t\t<\/li>\n\t\t\t\t\t\t\t\t<li class=\"elementor-icon-list-item\">\n\t\t\t\t\t\t\t\t\t\t\t<span class=\"elementor-icon-list-icon\">\n\t\t\t\t\t\t\t<i aria-hidden=\"true\" class=\"fas fa-chevron-circle-right\"><\/i>\t\t\t\t\t\t<\/span>\n\t\t\t\t\t\t\t\t\t\t<span class=\"elementor-icon-list-text\">La perdida de clase por motivos personales no implica la recuperaci\u00f3n de esta sesi\u00f3n.<\/span>\n\t\t\t\t\t\t\t\t\t<\/li>\n\t\t\t\t\t\t\t\t<li class=\"elementor-icon-list-item\">\n\t\t\t\t\t\t\t\t\t\t\t<span class=\"elementor-icon-list-icon\">\n\t\t\t\t\t\t\t<i aria-hidden=\"true\" class=\"fas fa-chevron-circle-right\"><\/i>\t\t\t\t\t\t<\/span>\n\t\t\t\t\t\t\t\t\t\t<span class=\"elementor-icon-list-text\">El precio de la matr\u00edcula es de 25 \u20ac por temporada. Si el alumno\/a se da de baja, habr\u00e1 que abonar de nuevo la matricula en caso de que se quiera volver a dar de alta. <\/span>\n\t\t\t\t\t\t\t\t\t<\/li>\n\t\t\t\t\t\t\t\t<li class=\"elementor-icon-list-item\">\n\t\t\t\t\t\t\t\t\t\t\t<span class=\"elementor-icon-list-icon\">\n\t\t\t\t\t\t\t<i aria-hidden=\"true\" class=\"fas fa-chevron-circle-right\"><\/i>\t\t\t\t\t\t<\/span>\n\t\t\t\t\t\t\t\t\t\t<span class=\"elementor-icon-list-text\">Los precios son v\u00e1lidos hasta el 30 de junio del 2026. <\/span>\n\t\t\t\t\t\t\t\t\t<\/li>\n\t\t\t\t\t\t\t\t<li class=\"elementor-icon-list-item\">\n\t\t\t\t\t\t\t\t\t\t\t<span class=\"elementor-icon-list-icon\">\n\t\t\t\t\t\t\t<i aria-hidden=\"true\" class=\"fas fa-chevron-circle-right\"><\/i>\t\t\t\t\t\t<\/span>\n\t\t\t\t\t\t\t\t\t\t<span class=\"elementor-icon-list-text\">Precios con el 21% de IVA incluido.<\/span>\n\t\t\t\t\t\t\t\t\t<\/li>\n\t\t\t\t\t\t<\/ul>\n\t\t\t\t\t\t<\/div>\n\t\t\t\t<\/div>\n\t\t\t\t\t<\/div>\n\t\t<\/div>\n\t\t\t\t\t<\/div>\n\t\t<\/section>\n\t\t\t\t<\/div>\n\t\t","protected":false},"excerpt":{"rendered":"<p>Normativa escuela de p\u00e1del Calendario El calendario de la actividad es desde el lunes 1 de septiembre de 2025 al martes 30 de junio de 2026. Los d\u00edas festivos no se impartir\u00e1n clases, siguiendo el calendario escolar. Los per\u00edodos de vacaciones son: Vacaciones de Navidad: del 22 de diciembre de 2025 al 6 de enero&hellip;<\/p>\n","protected":false},"author":88,"featured_media":0,"parent":0,"menu_order":0,"comment_status":"closed","ping_status":"closed","template":"","meta":{"footnotes":""},"class_list":["post-123199","page","type-page","status-publish","hentry"],"yoast_head":"<!-- This site is optimized with the Yoast SEO plugin v26.8 - https:\/\/yoast.com\/product\/yoast-seo-wordpress\/ -->\n<title>Normativa Escuela de P\u00e1del<\/title>\n<meta name=\"robots\" content=\"noindex, nofollow\" \/>\n<meta property=\"og:locale\" content=\"es_ES\" \/>\n<meta property=\"og:type\" content=\"article\" \/>\n<meta property=\"og:title\" content=\"Normativa Escuela de P\u00e1del\" \/>\n<meta property=\"og:description\" content=\"Normativa escuela de p\u00e1del Calendario El calendario de la actividad es desde el lunes 1 de septiembre de 2025 al martes 30 de junio de 2026. Los d\u00edas festivos no se impartir\u00e1n clases, siguiendo el calendario escolar. Los per\u00edodos de vacaciones son: Vacaciones de Navidad: del 22 de diciembre de 2025 al 6 de enero&hellip;\" \/>\n<meta property=\"og:url\" content=\"https:\/\/www.padelariumgava.com\/es\/normativa-escuela\/\" \/>\n<meta property=\"og:site_name\" content=\"Paderarium\" \/>\n<meta property=\"article:publisher\" content=\"https:\/\/www.facebook.com\/padelariumgava\/\" \/>\n<meta property=\"article:modified_time\" content=\"2025-06-17T09:36:26+00:00\" \/>\n<meta name=\"twitter:card\" content=\"summary_large_image\" \/>\n<meta name=\"twitter:label1\" content=\"Tiempo de lectura\" \/>\n\t<meta name=\"twitter:data1\" content=\"3 minutos\" \/>\n<script type=\"application\/ld+json\" class=\"yoast-schema-graph\">{\"@context\":\"https:\/\/schema.org\",\"@graph\":[{\"@type\":\"WebPage\",\"@id\":\"https:\/\/www.padelariumgava.com\/es\/normativa-escuela\/\",\"url\":\"https:\/\/www.padelariumgava.com\/es\/normativa-escuela\/\",\"name\":\"Normativa Escuela de P\u00e1del\",\"isPartOf\":{\"@id\":\"https:\/\/www.padelariumgava.com\/es\/#website\"},\"datePublished\":\"2024-11-25T14:45:31+00:00\",\"dateModified\":\"2025-06-17T09:36:26+00:00\",\"inLanguage\":\"es\",\"potentialAction\":[{\"@type\":\"ReadAction\",\"target\":[\"https:\/\/www.padelariumgava.com\/es\/normativa-escuela\/\"]}]},{\"@type\":\"WebSite\",\"@id\":\"https:\/\/www.padelariumgava.com\/es\/#website\",\"url\":\"https:\/\/www.padelariumgava.com\/es\/\",\"name\":\"Paderarium\",\"description\":\"Padelarium - P\u00e0del Indoor\",\"publisher\":{\"@id\":\"https:\/\/www.padelariumgava.com\/es\/#organization\"},\"potentialAction\":[{\"@type\":\"SearchAction\",\"target\":{\"@type\":\"EntryPoint\",\"urlTemplate\":\"https:\/\/www.padelariumgava.com\/es\/?s={search_term_string}\"},\"query-input\":{\"@type\":\"PropertyValueSpecification\",\"valueRequired\":true,\"valueName\":\"search_term_string\"}}],\"inLanguage\":\"es\"},{\"@type\":\"Organization\",\"@id\":\"https:\/\/www.padelariumgava.com\/es\/#organization\",\"name\":\"Club de P\u00e0del a Gav\u00e0 - Padelarium\",\"url\":\"https:\/\/www.padelariumgava.com\/es\/\",\"logo\":{\"@type\":\"ImageObject\",\"inLanguage\":\"es\",\"@id\":\"https:\/\/www.padelariumgava.com\/es\/#\/schema\/logo\/image\/\",\"url\":\"https:\/\/www.padelariumgava.com\/wp-content\/uploads\/sites\/42\/2022\/08\/padelarium-logo.jpg\",\"contentUrl\":\"https:\/\/www.padelariumgava.com\/wp-content\/uploads\/sites\/42\/2022\/08\/padelarium-logo.jpg\",\"width\":211,\"height\":76,\"caption\":\"Club de P\u00e0del a Gav\u00e0 - Padelarium\"},\"image\":{\"@id\":\"https:\/\/www.padelariumgava.com\/es\/#\/schema\/logo\/image\/\"},\"sameAs\":[\"https:\/\/www.facebook.com\/padelariumgava\/\",\"https:\/\/www.instagram.com\/padelarium\/\"]}]}<\/script>\n<!-- \/ Yoast SEO plugin. -->","yoast_head_json":{"title":"Normativa Escuela de P\u00e1del","robots":{"index":"noindex","follow":"nofollow"},"og_locale":"es_ES","og_type":"article","og_title":"Normativa Escuela de P\u00e1del","og_description":"Normativa escuela de p\u00e1del Calendario El calendario de la actividad es desde el lunes 1 de septiembre de 2025 al martes 30 de junio de 2026. Los d\u00edas festivos no se impartir\u00e1n clases, siguiendo el calendario escolar. Los per\u00edodos de vacaciones son: Vacaciones de Navidad: del 22 de diciembre de 2025 al 6 de enero&hellip;","og_url":"https:\/\/www.padelariumgava.com\/es\/normativa-escuela\/","og_site_name":"Paderarium","article_publisher":"https:\/\/www.facebook.com\/padelariumgava\/","article_modified_time":"2025-06-17T09:36:26+00:00","twitter_card":"summary_large_image","twitter_misc":{"Tiempo de lectura":"3 minutos"},"schema":{"@context":"https:\/\/schema.org","@graph":[{"@type":"WebPage","@id":"https:\/\/www.padelariumgava.com\/es\/normativa-escuela\/","url":"https:\/\/www.padelariumgava.com\/es\/normativa-escuela\/","name":"Normativa Escuela de P\u00e1del","isPartOf":{"@id":"https:\/\/www.padelariumgava.com\/es\/#website"},"datePublished":"2024-11-25T14:45:31+00:00","dateModified":"2025-06-17T09:36:26+00:00","inLanguage":"es","potentialAction":[{"@type":"ReadAction","target":["https:\/\/www.padelariumgava.com\/es\/normativa-escuela\/"]}]},{"@type":"WebSite","@id":"https:\/\/www.padelariumgava.com\/es\/#website","url":"https:\/\/www.padelariumgava.com\/es\/","name":"Paderarium","description":"Padelarium - P\u00e0del Indoor","publisher":{"@id":"https:\/\/www.padelariumgava.com\/es\/#organization"},"potentialAction":[{"@type":"SearchAction","target":{"@type":"EntryPoint","urlTemplate":"https:\/\/www.padelariumgava.com\/es\/?s={search_term_string}"},"query-input":{"@type":"PropertyValueSpecification","valueRequired":true,"valueName":"search_term_string"}}],"inLanguage":"es"},{"@type":"Organization","@id":"https:\/\/www.padelariumgava.com\/es\/#organization","name":"Club de P\u00e0del a Gav\u00e0 - Padelarium","url":"https:\/\/www.padelariumgava.com\/es\/","logo":{"@type":"ImageObject","inLanguage":"es","@id":"https:\/\/www.padelariumgava.com\/es\/#\/schema\/logo\/image\/","url":"https:\/\/www.padelariumgava.com\/wp-content\/uploads\/sites\/42\/2022\/08\/padelarium-logo.jpg","contentUrl":"https:\/\/www.padelariumgava.com\/wp-content\/uploads\/sites\/42\/2022\/08\/padelarium-logo.jpg","width":211,"height":76,"caption":"Club de P\u00e0del a Gav\u00e0 - Padelarium"},"image":{"@id":"https:\/\/www.padelariumgava.com\/es\/#\/schema\/logo\/image\/"},"sameAs":["https:\/\/www.facebook.com\/padelariumgava\/","https:\/\/www.instagram.com\/padelarium\/"]}]}},"_links":{"self":[{"href":"https:\/\/www.padelariumgava.com\/es\/wp-json\/wp\/v2\/pages\/123199","targetHints":{"allow":["GET"]}}],"collection":[{"href":"https:\/\/www.padelariumgava.com\/es\/wp-json\/wp\/v2\/pages"}],"about":[{"href":"https:\/\/www.padelariumgava.com\/es\/wp-json\/wp\/v2\/types\/page"}],"author":[{"embeddable":true,"href":"https:\/\/www.padelariumgava.com\/es\/wp-json\/wp\/v2\/users\/88"}],"replies":[{"embeddable":true,"href":"https:\/\/www.padelariumgava.com\/es\/wp-json\/wp\/v2\/comments?post=123199"}],"version-history":[{"count":0,"href":"https:\/\/www.padelariumgava.com\/es\/wp-json\/wp\/v2\/pages\/123199\/revisions"}],"wp:attachment":[{"href":"https:\/\/www.padelariumgava.com\/es\/wp-json\/wp\/v2\/media?parent=123199"}],"curies":[{"name":"wp","href":"https:\/\/api.w.org\/{rel}","templated":true}]}}