{"id":13131,"date":"2021-10-28T16:20:11","date_gmt":"2021-10-28T15:20:11","guid":{"rendered":"https:\/\/www.padelariumgava.com\/area-de-clients\/"},"modified":"2026-03-17T16:06:36","modified_gmt":"2026-03-17T15:06:36","slug":"area-de-clientes","status":"publish","type":"page","link":"https:\/\/www.padelariumgava.com\/es\/area-de-clientes\/","title":{"rendered":"\u00c1rea clientes"},"content":{"rendered":"\t\t<div data-elementor-type=\"wp-page\" data-elementor-id=\"13131\" class=\"elementor elementor-13131 elementor-6992\" data-elementor-post-type=\"page\">\n\t\t\t\t\t\t<section class=\"elementor-section elementor-top-section elementor-element elementor-element-1df19d7f elementor-section-stretched elementor-section-boxed elementor-section-height-default elementor-section-height-default\" data-id=\"1df19d7f\" data-element_type=\"section\" data-e-type=\"section\" data-settings=\"{&quot;stretch_section&quot;:&quot;section-stretched&quot;,&quot;background_background&quot;:&quot;classic&quot;}\">\n\t\t\t\t\t\t\t<div class=\"elementor-background-overlay\"><\/div>\n\t\t\t\t\t\t\t<div class=\"elementor-container elementor-column-gap-default\">\n\t\t\t\t\t<div class=\"elementor-column elementor-col-100 elementor-top-column elementor-element elementor-element-6c66f50a\" data-id=\"6c66f50a\" data-element_type=\"column\" data-e-type=\"column\">\n\t\t\t<div class=\"elementor-widget-wrap elementor-element-populated\">\n\t\t\t\t\t\t<div class=\"elementor-element elementor-element-7e107f74 elementor-widget elementor-widget-text-editor\" data-id=\"7e107f74\" data-element_type=\"widget\" data-e-type=\"widget\" data-widget_type=\"text-editor.default\">\n\t\t\t\t<div class=\"elementor-widget-container\">\n\t\t\t\t\t\t\t\t\t<p>\u00c1REA DE CLIENTES<\/p>\t\t\t\t\t\t\t\t<\/div>\n\t\t\t\t<\/div>\n\t\t\t\t<div class=\"elementor-element elementor-element-30f2b515 elementor-widget elementor-widget-text-editor\" data-id=\"30f2b515\" data-element_type=\"widget\" data-e-type=\"widget\" data-widget_type=\"text-editor.default\">\n\t\t\t\t<div class=\"elementor-widget-container\">\n\t\t\t\t\t\t\t\t\t<p style=\"text-align: center;\">Realiza tus gestiones c\u00f3modamente<\/p>\t\t\t\t\t\t\t\t<\/div>\n\t\t\t\t<\/div>\n\t\t\t\t<div class=\"elementor-element elementor-element-3ac5cbd3 elementor-view-default elementor-widget elementor-widget-icon\" data-id=\"3ac5cbd3\" data-element_type=\"widget\" data-e-type=\"widget\" data-widget_type=\"icon.default\">\n\t\t\t\t<div class=\"elementor-widget-container\">\n\t\t\t\t\t\t\t<div class=\"elementor-icon-wrapper\">\n\t\t\t<div class=\"elementor-icon\">\n\t\t\t<i aria-hidden=\"true\" class=\" icomoon-the7-font-the7-arrow-05\"><\/i>\t\t\t<\/div>\n\t\t<\/div>\n\t\t\t\t\t\t<\/div>\n\t\t\t\t<\/div>\n\t\t\t\t\t<\/div>\n\t\t<\/div>\n\t\t\t\t\t<\/div>\n\t\t<\/section>\n\t\t\t\t<section class=\"elementor-section elementor-top-section elementor-element elementor-element-109d26f2 elementor-section-boxed elementor-section-height-default elementor-section-height-default\" data-id=\"109d26f2\" data-element_type=\"section\" data-e-type=\"section\">\n\t\t\t\t\t\t<div class=\"elementor-container elementor-column-gap-default\">\n\t\t\t\t\t<div class=\"elementor-column elementor-col-100 elementor-top-column elementor-element elementor-element-4eb56ca0\" data-id=\"4eb56ca0\" data-element_type=\"column\" data-e-type=\"column\">\n\t\t\t<div class=\"elementor-widget-wrap elementor-element-populated\">\n\t\t\t\t\t\t<div class=\"elementor-element elementor-element-85fbc16 elementor-widget elementor-widget-heading\" data-id=\"85fbc16\" data-element_type=\"widget\" data-e-type=\"widget\" data-widget_type=\"heading.default\">\n\t\t\t\t<div class=\"elementor-widget-container\">\n\t\t\t\t\t<h1 class=\"elementor-heading-title elementor-size-default\">Bienvenido\/a al \u00e1rea de clientes<\/h1>\t\t\t\t<\/div>\n\t\t\t\t<\/div>\n\t\t\t\t<div class=\"elementor-element elementor-element-6b87340 elementor-widget elementor-widget-text-editor\" data-id=\"6b87340\" data-element_type=\"widget\" data-e-type=\"widget\" data-widget_type=\"text-editor.default\">\n\t\t\t\t<div class=\"elementor-widget-container\">\n\t\t\t\t\t\t\t\t\t<p>Te damos la bienvenida al \u00e1rea de clientes de Padelarium. Antes de entrar en el \u00e1rea de clientes consulta nuestra normativa.<\/p>\t\t\t\t\t\t\t\t<\/div>\n\t\t\t\t<\/div>\n\t\t\t\t\t<\/div>\n\t\t<\/div>\n\t\t\t\t\t<\/div>\n\t\t<\/section>\n\t\t<div class=\"elementor-element elementor-element-3380ded e-flex e-con-boxed e-con e-parent\" data-id=\"3380ded\" data-element_type=\"container\" data-e-type=\"container\">\n\t\t\t\t\t<div class=\"e-con-inner\">\n\t\t<div class=\"elementor-element elementor-element-bc107a0 e-con-full e-flex e-con e-child\" data-id=\"bc107a0\" data-element_type=\"container\" data-e-type=\"container\">\n\t\t\t\t<div class=\"elementor-element elementor-element-85cf91f elementor-align-justify elementor-mobile-align-justify elementor-widget elementor-widget-button\" data-id=\"85cf91f\" data-element_type=\"widget\" data-e-type=\"widget\" data-widget_type=\"button.default\">\n\t\t\t\t<div class=\"elementor-widget-container\">\n\t\t\t\t\t\t\t\t\t<div class=\"elementor-button-wrapper\">\n\t\t\t\t\t<a class=\"elementor-button elementor-button-link elementor-size-md\" href=\"https:\/\/www.padelariumgava.com\/es\/normativa-reserva-pista\/\">\n\t\t\t\t\t\t<span class=\"elementor-button-content-wrapper\">\n\t\t\t\t\t\t\t\t\t<span class=\"elementor-button-text\"><i class=\"fa fa-arrow-circle-right\" aria-hidden=\"true\" style=\"margin-right:10px\"><\/i>LEER LA NORMATIVA DE PISTA<\/span>\n\t\t\t\t\t<\/span>\n\t\t\t\t\t<\/a>\n\t\t\t\t<\/div>\n\t\t\t\t\t\t\t\t<\/div>\n\t\t\t\t<\/div>\n\t\t\t\t<div class=\"elementor-element elementor-element-2a67373 elementor-align-justify elementor-mobile-align-justify elementor-widget elementor-widget-button\" data-id=\"2a67373\" data-element_type=\"widget\" data-e-type=\"widget\" data-widget_type=\"button.default\">\n\t\t\t\t<div class=\"elementor-widget-container\">\n\t\t\t\t\t\t\t\t\t<div class=\"elementor-button-wrapper\">\n\t\t\t\t\t<a class=\"elementor-button elementor-button-link elementor-size-md\" href=\"https:\/\/padelariumgava.syltek.com\/customer\/login\">\n\t\t\t\t\t\t<span class=\"elementor-button-content-wrapper\">\n\t\t\t\t\t\t\t\t\t<span class=\"elementor-button-text\"><i class=\"fa fa-arrow-circle-right\" aria-hidden=\"true\" style=\"margin-right:10px\"><\/i>ENTRA EN EL \u00c1REA DE CLIENTES<\/span>\n\t\t\t\t\t<\/span>\n\t\t\t\t\t<\/a>\n\t\t\t\t<\/div>\n\t\t\t\t\t\t\t\t<\/div>\n\t\t\t\t<\/div>\n\t\t<div class=\"elementor-element elementor-element-924c725 e-con-full e-flex e-con e-child\" data-id=\"924c725\" data-element_type=\"container\" data-e-type=\"container\" data-settings=\"{&quot;background_background&quot;:&quot;classic&quot;}\">\n\t\t<div class=\"elementor-element elementor-element-fd7b3b6 e-con-full e-flex e-con e-child\" data-id=\"fd7b3b6\" data-element_type=\"container\" data-e-type=\"container\">\n\t\t\t\t<div class=\"elementor-element elementor-element-57c2b02 elementor-widget elementor-widget-heading\" data-id=\"57c2b02\" data-element_type=\"widget\" data-e-type=\"widget\" data-widget_type=\"heading.default\">\n\t\t\t\t<div class=\"elementor-widget-container\">\n\t\t\t\t\t<p class=\"elementor-heading-title elementor-size-default\">Nota importante<\/p>\t\t\t\t<\/div>\n\t\t\t\t<\/div>\n\t\t\t\t<div class=\"elementor-element elementor-element-8efa4c7 elementor-icon-list--layout-traditional elementor-list-item-link-full_width elementor-widget elementor-widget-icon-list\" data-id=\"8efa4c7\" data-element_type=\"widget\" data-e-type=\"widget\" data-widget_type=\"icon-list.default\">\n\t\t\t\t<div class=\"elementor-widget-container\">\n\t\t\t\t\t\t\t<ul class=\"elementor-icon-list-items\">\n\t\t\t\t\t\t\t<li class=\"elementor-icon-list-item\">\n\t\t\t\t\t\t\t\t\t\t\t<span class=\"elementor-icon-list-icon\">\n\t\t\t\t\t\t\t<i aria-hidden=\"true\" class=\"fas fa-check\"><\/i>\t\t\t\t\t\t<\/span>\n\t\t\t\t\t\t\t\t\t\t<span class=\"elementor-icon-list-text\">La reserva de pista se puede hacer con m\u00e1ximo 5 d\u00edas de antelaci\u00f3n (abonados\/as 7 d\u00edas m\u00e1ximo).<\/span>\n\t\t\t\t\t\t\t\t\t<\/li>\n\t\t\t\t\t\t\t\t<li class=\"elementor-icon-list-item\">\n\t\t\t\t\t\t\t\t\t\t\t<a href=\"tel:+34931191391\">\n\n\t\t\t\t\t\t\t\t\t\t\t\t<span class=\"elementor-icon-list-icon\">\n\t\t\t\t\t\t\t<i aria-hidden=\"true\" class=\"fas fa-check\"><\/i>\t\t\t\t\t\t<\/span>\n\t\t\t\t\t\t\t\t\t\t<span class=\"elementor-icon-list-text\">Si es la primera vez que quieres venir al club, ponte en contacto con nosotros en el <b>931 191 391.<\/b> <\/span>\n\t\t\t\t\t\t\t\t\t\t\t<\/a>\n\t\t\t\t\t\t\t\t\t<\/li>\n\t\t\t\t\t\t<\/ul>\n\t\t\t\t\t\t<\/div>\n\t\t\t\t<\/div>\n\t\t\t\t<\/div>\n\t\t\t\t<\/div>\n\t\t\t\t<\/div>\n\t\t<div class=\"elementor-element elementor-element-70b449d e-con-full e-flex e-con e-child\" data-id=\"70b449d\" data-element_type=\"container\" data-e-type=\"container\" data-settings=\"{&quot;background_background&quot;:&quot;classic&quot;}\">\n\t\t\t\t<div class=\"elementor-element elementor-element-0514640 elementor-widget elementor-widget-image\" data-id=\"0514640\" data-element_type=\"widget\" data-e-type=\"widget\" data-widget_type=\"image.default\">\n\t\t\t\t<div class=\"elementor-widget-container\">\n\t\t\t\t\t\t\t\t\t\t\t\t\t\t\t<img fetchpriority=\"high\" decoding=\"async\" width=\"567\" height=\"378\" src=\"https:\/\/www.padelariumgava.com\/wp-content\/uploads\/sites\/42\/2022\/10\/padel-portatil.jpg\" class=\"attachment-large size-large wp-image-13134\" alt=\"\u00e0rea clients padelarium\" srcset=\"https:\/\/www.padelariumgava.com\/wp-content\/uploads\/sites\/42\/2022\/10\/padel-portatil.jpg 567w, https:\/\/www.padelariumgava.com\/wp-content\/uploads\/sites\/42\/2022\/10\/padel-portatil-300x200.jpg 300w\" sizes=\"(max-width: 567px) 100vw, 567px\" \/>\t\t\t\t\t\t\t\t\t\t\t\t\t\t\t<\/div>\n\t\t\t\t<\/div>\n\t\t\t\t<\/div>\n\t\t\t\t\t<\/div>\n\t\t\t\t<\/div>\n\t\t\t\t<section class=\"elementor-section elementor-top-section elementor-element elementor-element-3dd74cca elementor-section-stretched elementor-section-boxed elementor-section-height-default elementor-section-height-default\" data-id=\"3dd74cca\" data-element_type=\"section\" data-e-type=\"section\" data-settings=\"{&quot;stretch_section&quot;:&quot;section-stretched&quot;,&quot;background_background&quot;:&quot;classic&quot;}\">\n\t\t\t\t\t\t<div class=\"elementor-container elementor-column-gap-default\">\n\t\t\t\t\t<div class=\"elementor-column elementor-col-50 elementor-top-column elementor-element elementor-element-3d297d44\" data-id=\"3d297d44\" data-element_type=\"column\" data-e-type=\"column\">\n\t\t\t<div class=\"elementor-widget-wrap elementor-element-populated\">\n\t\t\t\t\t\t<div class=\"elementor-element elementor-element-b07c3af elementor-widget elementor-widget-text-editor\" data-id=\"b07c3af\" data-element_type=\"widget\" data-e-type=\"widget\" data-widget_type=\"text-editor.default\">\n\t\t\t\t<div class=\"elementor-widget-container\">\n\t\t\t\t\t\t\t\t\t<p>\u00a1Reservar pista ser\u00e1 tu mejor jugada! <b>Ahora tambi\u00e9n con nuestra APP.<\/b><\/p>\t\t\t\t\t\t\t\t<\/div>\n\t\t\t\t<\/div>\n\t\t\t\t\t<\/div>\n\t\t<\/div>\n\t\t\t\t<div class=\"elementor-column elementor-col-50 elementor-top-column elementor-element elementor-element-2f2f3197\" data-id=\"2f2f3197\" data-element_type=\"column\" data-e-type=\"column\">\n\t\t\t<div class=\"elementor-widget-wrap elementor-element-populated\">\n\t\t\t\t\t\t<div class=\"elementor-element elementor-element-49d97f85 elementor-align-left elementor-mobile-align-justify elementor-widget elementor-widget-button\" data-id=\"49d97f85\" data-element_type=\"widget\" data-e-type=\"widget\" data-widget_type=\"button.default\">\n\t\t\t\t<div class=\"elementor-widget-container\">\n\t\t\t\t\t\t\t\t\t<div class=\"elementor-button-wrapper\">\n\t\t\t\t\t<a class=\"elementor-button elementor-button-link elementor-size-md\" href=\"https:\/\/www.padelariumgava.com\/es\/reserva-de-pista\/#app\">\n\t\t\t\t\t\t<span class=\"elementor-button-content-wrapper\">\n\t\t\t\t\t\t\t\t\t<span class=\"elementor-button-text\"><i class=\"fa fa-arrow-circle-right\" aria-hidden=\"true\" style=\"margin-right:10px\"><\/i>DESC\u00c1RGATELA<\/span>\n\t\t\t\t\t<\/span>\n\t\t\t\t\t<\/a>\n\t\t\t\t<\/div>\n\t\t\t\t\t\t\t\t<\/div>\n\t\t\t\t<\/div>\n\t\t\t\t\t<\/div>\n\t\t<\/div>\n\t\t\t\t\t<\/div>\n\t\t<\/section>\n\t\t\t\t<\/div>\n\t\t","protected":false},"excerpt":{"rendered":"<p>\u00c1REA DE CLIENTES Realiza tus gestiones c\u00f3modamente Bienvenido\/a al \u00e1rea de clientes Te damos la bienvenida al \u00e1rea de clientes de Padelarium. Antes de entrar en el \u00e1rea de clientes consulta nuestra normativa. LEER LA NORMATIVA DE PISTA ENTRA EN EL \u00c1REA DE CLIENTES Nota importante La reserva de pista se puede hacer con m\u00e1ximo&hellip;<\/p>\n","protected":false},"author":67,"featured_media":0,"parent":0,"menu_order":0,"comment_status":"closed","ping_status":"closed","template":"","meta":{"footnotes":""},"class_list":["post-13131","page","type-page","status-publish","hentry"],"yoast_head":"<!-- This site is optimized with the Yoast SEO plugin v26.8 - https:\/\/yoast.com\/product\/yoast-seo-wordpress\/ -->\n<title>\u00c1rea de clientes - Padelarium - Realiza tus gestiones<\/title>\n<meta name=\"description\" content=\"\u00c1rea de clientes de Padelarium. Reserva tu pista de p\u00e1del o tenis, busca partidas abiertas y ap\u00fantate a nuestros campeonatos y actividades.\" \/>\n<meta name=\"robots\" content=\"index, follow, max-snippet:-1, max-image-preview:large, max-video-preview:-1\" \/>\n<link rel=\"canonical\" href=\"https:\/\/www.padelariumgava.com\/es\/area-de-clientes\/\" \/>\n<meta property=\"og:locale\" content=\"es_ES\" \/>\n<meta property=\"og:type\" content=\"article\" \/>\n<meta property=\"og:title\" content=\"\u00c1rea de clientes - Padelarium - Realiza tus gestiones\" \/>\n<meta property=\"og:description\" content=\"\u00c1rea de clientes de Padelarium. Reserva tu pista de p\u00e1del o tenis, busca partidas abiertas y ap\u00fantate a nuestros campeonatos y actividades.\" \/>\n<meta property=\"og:url\" content=\"https:\/\/www.padelariumgava.com\/es\/area-de-clientes\/\" \/>\n<meta property=\"og:site_name\" content=\"Paderarium\" \/>\n<meta property=\"article:publisher\" content=\"https:\/\/www.facebook.com\/padelariumgava\/\" \/>\n<meta property=\"article:modified_time\" content=\"2026-03-17T15:06:36+00:00\" \/>\n<meta property=\"og:image\" content=\"https:\/\/www.padelariumgava.com\/wp-content\/uploads\/sites\/42\/2022\/10\/padel-portatil.jpg\" \/>\n\t<meta property=\"og:image:width\" content=\"567\" \/>\n\t<meta property=\"og:image:height\" content=\"378\" \/>\n\t<meta property=\"og:image:type\" content=\"image\/jpeg\" \/>\n<meta name=\"twitter:card\" content=\"summary_large_image\" \/>\n<meta name=\"twitter:label1\" content=\"Tiempo de lectura\" \/>\n\t<meta name=\"twitter:data1\" content=\"1 minuto\" \/>\n<script type=\"application\/ld+json\" class=\"yoast-schema-graph\">{\"@context\":\"https:\/\/schema.org\",\"@graph\":[{\"@type\":\"WebPage\",\"@id\":\"https:\/\/www.padelariumgava.com\/es\/area-de-clientes\/\",\"url\":\"https:\/\/www.padelariumgava.com\/es\/area-de-clientes\/\",\"name\":\"\u00c1rea de clientes - Padelarium - Realiza tus gestiones\",\"isPartOf\":{\"@id\":\"https:\/\/www.padelariumgava.com\/es\/#website\"},\"primaryImageOfPage\":{\"@id\":\"https:\/\/www.padelariumgava.com\/es\/area-de-clientes\/#primaryimage\"},\"image\":{\"@id\":\"https:\/\/www.padelariumgava.com\/es\/area-de-clientes\/#primaryimage\"},\"thumbnailUrl\":\"https:\/\/www.padelariumgava.com\/wp-content\/uploads\/sites\/42\/2022\/10\/padel-portatil.jpg\",\"datePublished\":\"2021-10-28T15:20:11+00:00\",\"dateModified\":\"2026-03-17T15:06:36+00:00\",\"description\":\"\u00c1rea de clientes de Padelarium. Reserva tu pista de p\u00e1del o tenis, busca partidas abiertas y ap\u00fantate a nuestros campeonatos y actividades.\",\"inLanguage\":\"es\",\"potentialAction\":[{\"@type\":\"ReadAction\",\"target\":[\"https:\/\/www.padelariumgava.com\/es\/area-de-clientes\/\"]}]},{\"@type\":\"ImageObject\",\"inLanguage\":\"es\",\"@id\":\"https:\/\/www.padelariumgava.com\/es\/area-de-clientes\/#primaryimage\",\"url\":\"https:\/\/www.padelariumgava.com\/wp-content\/uploads\/sites\/42\/2022\/10\/padel-portatil.jpg\",\"contentUrl\":\"https:\/\/www.padelariumgava.com\/wp-content\/uploads\/sites\/42\/2022\/10\/padel-portatil.jpg\"},{\"@type\":\"WebSite\",\"@id\":\"https:\/\/www.padelariumgava.com\/es\/#website\",\"url\":\"https:\/\/www.padelariumgava.com\/es\/\",\"name\":\"Paderarium\",\"description\":\"Padelarium - P\u00e0del Indoor\",\"publisher\":{\"@id\":\"https:\/\/www.padelariumgava.com\/es\/#organization\"},\"potentialAction\":[{\"@type\":\"SearchAction\",\"target\":{\"@type\":\"EntryPoint\",\"urlTemplate\":\"https:\/\/www.padelariumgava.com\/es\/?s={search_term_string}\"},\"query-input\":{\"@type\":\"PropertyValueSpecification\",\"valueRequired\":true,\"valueName\":\"search_term_string\"}}],\"inLanguage\":\"es\"},{\"@type\":\"Organization\",\"@id\":\"https:\/\/www.padelariumgava.com\/es\/#organization\",\"name\":\"Club de P\u00e0del a Gav\u00e0 - Padelarium\",\"url\":\"https:\/\/www.padelariumgava.com\/es\/\",\"logo\":{\"@type\":\"ImageObject\",\"inLanguage\":\"es\",\"@id\":\"https:\/\/www.padelariumgava.com\/es\/#\/schema\/logo\/image\/\",\"url\":\"https:\/\/www.padelariumgava.com\/wp-content\/uploads\/sites\/42\/2022\/08\/padelarium-logo.jpg\",\"contentUrl\":\"https:\/\/www.padelariumgava.com\/wp-content\/uploads\/sites\/42\/2022\/08\/padelarium-logo.jpg\",\"width\":211,\"height\":76,\"caption\":\"Club de P\u00e0del a Gav\u00e0 - Padelarium\"},\"image\":{\"@id\":\"https:\/\/www.padelariumgava.com\/es\/#\/schema\/logo\/image\/\"},\"sameAs\":[\"https:\/\/www.facebook.com\/padelariumgava\/\",\"https:\/\/www.instagram.com\/padelarium\/\"]}]}<\/script>\n<!-- \/ Yoast SEO plugin. -->","yoast_head_json":{"title":"\u00c1rea de clientes - Padelarium - Realiza tus gestiones","description":"\u00c1rea de clientes de Padelarium. Reserva tu pista de p\u00e1del o tenis, busca partidas abiertas y ap\u00fantate a nuestros campeonatos y actividades.","robots":{"index":"index","follow":"follow","max-snippet":"max-snippet:-1","max-image-preview":"max-image-preview:large","max-video-preview":"max-video-preview:-1"},"canonical":"https:\/\/www.padelariumgava.com\/es\/area-de-clientes\/","og_locale":"es_ES","og_type":"article","og_title":"\u00c1rea de clientes - Padelarium - Realiza tus gestiones","og_description":"\u00c1rea de clientes de Padelarium. Reserva tu pista de p\u00e1del o tenis, busca partidas abiertas y ap\u00fantate a nuestros campeonatos y actividades.","og_url":"https:\/\/www.padelariumgava.com\/es\/area-de-clientes\/","og_site_name":"Paderarium","article_publisher":"https:\/\/www.facebook.com\/padelariumgava\/","article_modified_time":"2026-03-17T15:06:36+00:00","og_image":[{"width":567,"height":378,"url":"https:\/\/www.padelariumgava.com\/wp-content\/uploads\/sites\/42\/2022\/10\/padel-portatil.jpg","type":"image\/jpeg"}],"twitter_card":"summary_large_image","twitter_misc":{"Tiempo de lectura":"1 minuto"},"schema":{"@context":"https:\/\/schema.org","@graph":[{"@type":"WebPage","@id":"https:\/\/www.padelariumgava.com\/es\/area-de-clientes\/","url":"https:\/\/www.padelariumgava.com\/es\/area-de-clientes\/","name":"\u00c1rea de clientes - Padelarium - Realiza tus gestiones","isPartOf":{"@id":"https:\/\/www.padelariumgava.com\/es\/#website"},"primaryImageOfPage":{"@id":"https:\/\/www.padelariumgava.com\/es\/area-de-clientes\/#primaryimage"},"image":{"@id":"https:\/\/www.padelariumgava.com\/es\/area-de-clientes\/#primaryimage"},"thumbnailUrl":"https:\/\/www.padelariumgava.com\/wp-content\/uploads\/sites\/42\/2022\/10\/padel-portatil.jpg","datePublished":"2021-10-28T15:20:11+00:00","dateModified":"2026-03-17T15:06:36+00:00","description":"\u00c1rea de clientes de Padelarium. Reserva tu pista de p\u00e1del o tenis, busca partidas abiertas y ap\u00fantate a nuestros campeonatos y actividades.","inLanguage":"es","potentialAction":[{"@type":"ReadAction","target":["https:\/\/www.padelariumgava.com\/es\/area-de-clientes\/"]}]},{"@type":"ImageObject","inLanguage":"es","@id":"https:\/\/www.padelariumgava.com\/es\/area-de-clientes\/#primaryimage","url":"https:\/\/www.padelariumgava.com\/wp-content\/uploads\/sites\/42\/2022\/10\/padel-portatil.jpg","contentUrl":"https:\/\/www.padelariumgava.com\/wp-content\/uploads\/sites\/42\/2022\/10\/padel-portatil.jpg"},{"@type":"WebSite","@id":"https:\/\/www.padelariumgava.com\/es\/#website","url":"https:\/\/www.padelariumgava.com\/es\/","name":"Paderarium","description":"Padelarium - P\u00e0del Indoor","publisher":{"@id":"https:\/\/www.padelariumgava.com\/es\/#organization"},"potentialAction":[{"@type":"SearchAction","target":{"@type":"EntryPoint","urlTemplate":"https:\/\/www.padelariumgava.com\/es\/?s={search_term_string}"},"query-input":{"@type":"PropertyValueSpecification","valueRequired":true,"valueName":"search_term_string"}}],"inLanguage":"es"},{"@type":"Organization","@id":"https:\/\/www.padelariumgava.com\/es\/#organization","name":"Club de P\u00e0del a Gav\u00e0 - Padelarium","url":"https:\/\/www.padelariumgava.com\/es\/","logo":{"@type":"ImageObject","inLanguage":"es","@id":"https:\/\/www.padelariumgava.com\/es\/#\/schema\/logo\/image\/","url":"https:\/\/www.padelariumgava.com\/wp-content\/uploads\/sites\/42\/2022\/08\/padelarium-logo.jpg","contentUrl":"https:\/\/www.padelariumgava.com\/wp-content\/uploads\/sites\/42\/2022\/08\/padelarium-logo.jpg","width":211,"height":76,"caption":"Club de P\u00e0del a Gav\u00e0 - Padelarium"},"image":{"@id":"https:\/\/www.padelariumgava.com\/es\/#\/schema\/logo\/image\/"},"sameAs":["https:\/\/www.facebook.com\/padelariumgava\/","https:\/\/www.instagram.com\/padelarium\/"]}]}},"_links":{"self":[{"href":"https:\/\/www.padelariumgava.com\/es\/wp-json\/wp\/v2\/pages\/13131","targetHints":{"allow":["GET"]}}],"collection":[{"href":"https:\/\/www.padelariumgava.com\/es\/wp-json\/wp\/v2\/pages"}],"about":[{"href":"https:\/\/www.padelariumgava.com\/es\/wp-json\/wp\/v2\/types\/page"}],"author":[{"embeddable":true,"href":"https:\/\/www.padelariumgava.com\/es\/wp-json\/wp\/v2\/users\/67"}],"replies":[{"embeddable":true,"href":"https:\/\/www.padelariumgava.com\/es\/wp-json\/wp\/v2\/comments?post=13131"}],"version-history":[{"count":12,"href":"https:\/\/www.padelariumgava.com\/es\/wp-json\/wp\/v2\/pages\/13131\/revisions"}],"predecessor-version":[{"id":130682,"href":"https:\/\/www.padelariumgava.com\/es\/wp-json\/wp\/v2\/pages\/13131\/revisions\/130682"}],"wp:attachment":[{"href":"https:\/\/www.padelariumgava.com\/es\/wp-json\/wp\/v2\/media?parent=13131"}],"curies":[{"name":"wp","href":"https:\/\/api.w.org\/{rel}","templated":true}]}}