{"id":13160,"date":"2022-09-06T12:02:43","date_gmt":"2022-09-06T11:02:43","guid":{"rendered":"https:\/\/www.padelariumgava.com\/botiga\/"},"modified":"2026-03-17T13:47:30","modified_gmt":"2026-03-17T12:47:30","slug":"tienda-padel","status":"publish","type":"page","link":"https:\/\/www.padelariumgava.com\/es\/tienda-padel\/","title":{"rendered":"Tienda"},"content":{"rendered":"\t\t<div data-elementor-type=\"wp-page\" data-elementor-id=\"13160\" class=\"elementor elementor-13160 elementor-9534\" data-elementor-post-type=\"page\">\n\t\t\t\t\t\t<section class=\"elementor-section elementor-top-section elementor-element elementor-element-02c546a elementor-section-stretched elementor-section-boxed elementor-section-height-default elementor-section-height-default\" data-id=\"02c546a\" data-element_type=\"section\" data-e-type=\"section\" data-settings=\"{&quot;stretch_section&quot;:&quot;section-stretched&quot;,&quot;background_background&quot;:&quot;classic&quot;}\">\n\t\t\t\t\t\t\t<div class=\"elementor-background-overlay\"><\/div>\n\t\t\t\t\t\t\t<div class=\"elementor-container elementor-column-gap-default\">\n\t\t\t\t\t<div class=\"elementor-column elementor-col-100 elementor-top-column elementor-element elementor-element-bb3ff42\" data-id=\"bb3ff42\" data-element_type=\"column\" data-e-type=\"column\">\n\t\t\t<div class=\"elementor-widget-wrap elementor-element-populated\">\n\t\t\t\t\t\t<div class=\"elementor-element elementor-element-645cc7b elementor-widget elementor-widget-text-editor\" data-id=\"645cc7b\" data-element_type=\"widget\" data-e-type=\"widget\" data-widget_type=\"text-editor.default\">\n\t\t\t\t<div class=\"elementor-widget-container\">\n\t\t\t\t\t\t\t\t\t<p>TIENDA DE P\u00c1DEL<\/p>\t\t\t\t\t\t\t\t<\/div>\n\t\t\t\t<\/div>\n\t\t\t\t<div class=\"elementor-element elementor-element-abee6e4 elementor-widget elementor-widget-text-editor\" data-id=\"abee6e4\" data-element_type=\"widget\" data-e-type=\"widget\" data-widget_type=\"text-editor.default\">\n\t\t\t\t<div class=\"elementor-widget-container\">\n\t\t\t\t\t\t\t\t\t<p style=\"text-align: center;\">\u00a1Todo lo que necesitas para jugar!<\/p>\t\t\t\t\t\t\t\t<\/div>\n\t\t\t\t<\/div>\n\t\t\t\t<div class=\"elementor-element elementor-element-793cd38 elementor-view-default elementor-widget elementor-widget-icon\" data-id=\"793cd38\" data-element_type=\"widget\" data-e-type=\"widget\" data-widget_type=\"icon.default\">\n\t\t\t\t<div class=\"elementor-widget-container\">\n\t\t\t\t\t\t\t<div class=\"elementor-icon-wrapper\">\n\t\t\t<div class=\"elementor-icon\">\n\t\t\t<i aria-hidden=\"true\" class=\" icomoon-the7-font-the7-arrow-05\"><\/i>\t\t\t<\/div>\n\t\t<\/div>\n\t\t\t\t\t\t<\/div>\n\t\t\t\t<\/div>\n\t\t\t\t\t<\/div>\n\t\t<\/div>\n\t\t\t\t\t<\/div>\n\t\t<\/section>\n\t\t\t\t<section class=\"elementor-section elementor-top-section elementor-element elementor-element-ce88b42 elementor-section-stretched elementor-section-boxed elementor-section-height-default elementor-section-height-default\" data-id=\"ce88b42\" data-element_type=\"section\" data-e-type=\"section\" data-settings=\"{&quot;stretch_section&quot;:&quot;section-stretched&quot;}\">\n\t\t\t\t\t\t<div class=\"elementor-container elementor-column-gap-default\">\n\t\t\t\t\t<div class=\"elementor-column elementor-col-50 elementor-top-column elementor-element elementor-element-a16217f\" data-id=\"a16217f\" data-element_type=\"column\" data-e-type=\"column\">\n\t\t\t<div class=\"elementor-widget-wrap elementor-element-populated\">\n\t\t\t\t\t\t<div class=\"elementor-element elementor-element-d64ce17 elementor-widget elementor-widget-heading\" data-id=\"d64ce17\" data-element_type=\"widget\" data-e-type=\"widget\" data-widget_type=\"heading.default\">\n\t\t\t\t<div class=\"elementor-widget-container\">\n\t\t\t\t\t<h1 class=\"elementor-heading-title elementor-size-default\">Descubre nuestra tienda<\/h1>\t\t\t\t<\/div>\n\t\t\t\t<\/div>\n\t\t\t\t<div class=\"elementor-element elementor-element-d617014 elementor-widget elementor-widget-text-editor\" data-id=\"d617014\" data-element_type=\"widget\" data-e-type=\"widget\" data-widget_type=\"text-editor.default\">\n\t\t\t\t<div class=\"elementor-widget-container\">\n\t\t\t\t\t\t\t\t\t<p><strong>En el mismo club encontrar\u00e1s una tienda de p\u00e1del d\u00f3nde descubrir\u00e1s todos los productos necesarios para entrenar o jugar.<\/strong><\/p><p>\u00bfEst\u00e1s buscando pala? Antes de encontrar la pala adecuada de potencia o control, puedes probarla en nuestras pistas y dejarte guiar por nuestros profesionales, que te asesorar\u00e1n en funci\u00f3n de tu juego o necesidades.<\/p><p>Encontrar\u00e1s tambi\u00e9n ropa t\u00e9cnica, bolsas o calzado y accesorios como pelotas, grips o mu\u00f1equeras. \u00a1Tenemos todo lo que puedas necesitar!<\/p><p>Contar con buen material te ayuda a prevenir lesiones y a disfrutar mucho m\u00e1s del juego.\u00a0<\/p><p><span style=\"color: var( --e-global-color-text ); letter-spacing: var(--the7-base-letter-spacing); text-transform: var(--the7-base-text-transform); word-spacing: normal;\">\u00a1Ven a descubrirlo!<\/span><\/p><p>Y si quieres contactar con nosotros para hacernos una consulta, \u00a1ll\u00e1manos y te ayudaremos!<\/p>\t\t\t\t\t\t\t\t<\/div>\n\t\t\t\t<\/div>\n\t\t\t\t<div class=\"elementor-element elementor-element-8d0599f elementor-align-center elementor-mobile-align-justify elementor-widget elementor-widget-button\" data-id=\"8d0599f\" data-element_type=\"widget\" data-e-type=\"widget\" data-widget_type=\"button.default\">\n\t\t\t\t<div class=\"elementor-widget-container\">\n\t\t\t\t\t\t\t\t\t<div class=\"elementor-button-wrapper\">\n\t\t\t\t\t<a class=\"elementor-button elementor-button-link elementor-size-md\" href=\"mailto:info@padelariumgava.com?subject=Solicitud%20de%20informaci\u00f3n%20sobre%20la%20tienda%20de%20p\u00e1del\">\n\t\t\t\t\t\t<span class=\"elementor-button-content-wrapper\">\n\t\t\t\t\t\t\t\t\t<span class=\"elementor-button-text\"><i class=\"fa fa-arrow-circle-right\" aria-hidden=\"true\" style=\"margin-right:10px\"><\/i>CONTACTA AQU\u00cd<\/span>\n\t\t\t\t\t<\/span>\n\t\t\t\t\t<\/a>\n\t\t\t\t<\/div>\n\t\t\t\t\t\t\t\t<\/div>\n\t\t\t\t<\/div>\n\t\t\t\t\t<\/div>\n\t\t<\/div>\n\t\t\t\t<div class=\"elementor-column elementor-col-50 elementor-top-column elementor-element elementor-element-a0b9b34\" data-id=\"a0b9b34\" data-element_type=\"column\" data-e-type=\"column\">\n\t\t\t<div class=\"elementor-widget-wrap elementor-element-populated\">\n\t\t\t\t\t\t<div class=\"elementor-element elementor-element-e1f03f2 elementor-widget elementor-widget-image\" data-id=\"e1f03f2\" data-element_type=\"widget\" data-e-type=\"widget\" data-widget_type=\"image.default\">\n\t\t\t\t<div class=\"elementor-widget-container\">\n\t\t\t\t\t\t\t\t\t\t\t\t\t\t\t<img fetchpriority=\"high\" decoding=\"async\" width=\"600\" height=\"680\" src=\"https:\/\/www.padelariumgava.com\/wp-content\/uploads\/sites\/42\/2022\/10\/padel-botic2.webp\" class=\"attachment-full size-full wp-image-14711\" alt=\"botiga padelarium\" srcset=\"https:\/\/www.padelariumgava.com\/wp-content\/uploads\/sites\/42\/2022\/10\/padel-botic2.webp 600w, https:\/\/www.padelariumgava.com\/wp-content\/uploads\/sites\/42\/2022\/10\/padel-botic2-265x300.webp 265w\" sizes=\"(max-width: 600px) 100vw, 600px\" \/>\t\t\t\t\t\t\t\t\t\t\t\t\t\t\t<\/div>\n\t\t\t\t<\/div>\n\t\t\t\t\t<\/div>\n\t\t<\/div>\n\t\t\t\t\t<\/div>\n\t\t<\/section>\n\t\t\t\t<\/div>\n\t\t","protected":false},"excerpt":{"rendered":"<p>TIENDA DE P\u00c1DEL \u00a1Todo lo que necesitas para jugar! Descubre nuestra tienda En el mismo club encontrar\u00e1s una tienda de p\u00e1del d\u00f3nde descubrir\u00e1s todos los productos necesarios para entrenar o jugar. \u00bfEst\u00e1s buscando pala? Antes de encontrar la pala adecuada de potencia o control, puedes probarla en nuestras pistas y dejarte guiar por nuestros profesionales,&hellip;<\/p>\n","protected":false},"author":67,"featured_media":0,"parent":0,"menu_order":0,"comment_status":"closed","ping_status":"closed","template":"","meta":{"footnotes":""},"class_list":["post-13160","page","type-page","status-publish","hentry"],"yoast_head":"<!-- This site is optimized with the Yoast SEO plugin v26.8 - https:\/\/yoast.com\/product\/yoast-seo-wordpress\/ -->\n<title>Tienda de p\u00e1del - Padelarium Gav\u00e1<\/title>\n<meta name=\"description\" content=\"En Padelarium Gav\u00e1 puedes encontrar todos los productos necesarios para entrenar o jugar. Nuestros profesionales te guiar\u00e1n.\" \/>\n<meta name=\"robots\" content=\"index, follow, max-snippet:-1, max-image-preview:large, max-video-preview:-1\" \/>\n<link rel=\"canonical\" href=\"https:\/\/www.padelariumgava.com\/es\/tienda-padel\/\" \/>\n<meta property=\"og:locale\" content=\"es_ES\" \/>\n<meta property=\"og:type\" content=\"article\" \/>\n<meta property=\"og:title\" content=\"Tienda de p\u00e1del - Padelarium Gav\u00e1\" \/>\n<meta property=\"og:description\" content=\"En Padelarium Gav\u00e1 puedes encontrar todos los productos necesarios para entrenar o jugar. Nuestros profesionales te guiar\u00e1n.\" \/>\n<meta property=\"og:url\" content=\"https:\/\/www.padelariumgava.com\/es\/tienda-padel\/\" \/>\n<meta property=\"og:site_name\" content=\"Paderarium\" \/>\n<meta property=\"article:publisher\" content=\"https:\/\/www.facebook.com\/padelariumgava\/\" \/>\n<meta property=\"article:modified_time\" content=\"2026-03-17T12:47:30+00:00\" \/>\n<meta property=\"og:image\" content=\"https:\/\/www.padelariumgava.com\/wp-content\/uploads\/sites\/42\/2022\/10\/padel-botic2.webp\" \/>\n\t<meta property=\"og:image:width\" content=\"600\" \/>\n\t<meta property=\"og:image:height\" content=\"680\" \/>\n\t<meta property=\"og:image:type\" content=\"image\/webp\" \/>\n<meta name=\"twitter:card\" content=\"summary_large_image\" \/>\n<meta name=\"twitter:label1\" content=\"Tiempo de lectura\" \/>\n\t<meta name=\"twitter:data1\" content=\"1 minuto\" \/>\n<script type=\"application\/ld+json\" class=\"yoast-schema-graph\">{\"@context\":\"https:\/\/schema.org\",\"@graph\":[{\"@type\":\"WebPage\",\"@id\":\"https:\/\/www.padelariumgava.com\/es\/tienda-padel\/\",\"url\":\"https:\/\/www.padelariumgava.com\/es\/tienda-padel\/\",\"name\":\"Tienda de p\u00e1del - Padelarium Gav\u00e1\",\"isPartOf\":{\"@id\":\"https:\/\/www.padelariumgava.com\/es\/#website\"},\"primaryImageOfPage\":{\"@id\":\"https:\/\/www.padelariumgava.com\/es\/tienda-padel\/#primaryimage\"},\"image\":{\"@id\":\"https:\/\/www.padelariumgava.com\/es\/tienda-padel\/#primaryimage\"},\"thumbnailUrl\":\"https:\/\/www.padelariumgava.com\/wp-content\/uploads\/sites\/42\/2022\/10\/padel-botic2.webp\",\"datePublished\":\"2022-09-06T11:02:43+00:00\",\"dateModified\":\"2026-03-17T12:47:30+00:00\",\"description\":\"En Padelarium Gav\u00e1 puedes encontrar todos los productos necesarios para entrenar o jugar. Nuestros profesionales te guiar\u00e1n.\",\"inLanguage\":\"es\",\"potentialAction\":[{\"@type\":\"ReadAction\",\"target\":[\"https:\/\/www.padelariumgava.com\/es\/tienda-padel\/\"]}]},{\"@type\":\"ImageObject\",\"inLanguage\":\"es\",\"@id\":\"https:\/\/www.padelariumgava.com\/es\/tienda-padel\/#primaryimage\",\"url\":\"https:\/\/www.padelariumgava.com\/wp-content\/uploads\/sites\/42\/2022\/10\/padel-botic2.webp\",\"contentUrl\":\"https:\/\/www.padelariumgava.com\/wp-content\/uploads\/sites\/42\/2022\/10\/padel-botic2.webp\"},{\"@type\":\"WebSite\",\"@id\":\"https:\/\/www.padelariumgava.com\/es\/#website\",\"url\":\"https:\/\/www.padelariumgava.com\/es\/\",\"name\":\"Paderarium\",\"description\":\"Padelarium - P\u00e0del Indoor\",\"publisher\":{\"@id\":\"https:\/\/www.padelariumgava.com\/es\/#organization\"},\"potentialAction\":[{\"@type\":\"SearchAction\",\"target\":{\"@type\":\"EntryPoint\",\"urlTemplate\":\"https:\/\/www.padelariumgava.com\/es\/?s={search_term_string}\"},\"query-input\":{\"@type\":\"PropertyValueSpecification\",\"valueRequired\":true,\"valueName\":\"search_term_string\"}}],\"inLanguage\":\"es\"},{\"@type\":\"Organization\",\"@id\":\"https:\/\/www.padelariumgava.com\/es\/#organization\",\"name\":\"Club de P\u00e0del a Gav\u00e0 - Padelarium\",\"url\":\"https:\/\/www.padelariumgava.com\/es\/\",\"logo\":{\"@type\":\"ImageObject\",\"inLanguage\":\"es\",\"@id\":\"https:\/\/www.padelariumgava.com\/es\/#\/schema\/logo\/image\/\",\"url\":\"https:\/\/www.padelariumgava.com\/wp-content\/uploads\/sites\/42\/2022\/08\/padelarium-logo.jpg\",\"contentUrl\":\"https:\/\/www.padelariumgava.com\/wp-content\/uploads\/sites\/42\/2022\/08\/padelarium-logo.jpg\",\"width\":211,\"height\":76,\"caption\":\"Club de P\u00e0del a Gav\u00e0 - Padelarium\"},\"image\":{\"@id\":\"https:\/\/www.padelariumgava.com\/es\/#\/schema\/logo\/image\/\"},\"sameAs\":[\"https:\/\/www.facebook.com\/padelariumgava\/\",\"https:\/\/www.instagram.com\/padelarium\/\"]}]}<\/script>\n<!-- \/ Yoast SEO plugin. -->","yoast_head_json":{"title":"Tienda de p\u00e1del - Padelarium Gav\u00e1","description":"En Padelarium Gav\u00e1 puedes encontrar todos los productos necesarios para entrenar o jugar. Nuestros profesionales te guiar\u00e1n.","robots":{"index":"index","follow":"follow","max-snippet":"max-snippet:-1","max-image-preview":"max-image-preview:large","max-video-preview":"max-video-preview:-1"},"canonical":"https:\/\/www.padelariumgava.com\/es\/tienda-padel\/","og_locale":"es_ES","og_type":"article","og_title":"Tienda de p\u00e1del - Padelarium Gav\u00e1","og_description":"En Padelarium Gav\u00e1 puedes encontrar todos los productos necesarios para entrenar o jugar. Nuestros profesionales te guiar\u00e1n.","og_url":"https:\/\/www.padelariumgava.com\/es\/tienda-padel\/","og_site_name":"Paderarium","article_publisher":"https:\/\/www.facebook.com\/padelariumgava\/","article_modified_time":"2026-03-17T12:47:30+00:00","og_image":[{"width":600,"height":680,"url":"https:\/\/www.padelariumgava.com\/wp-content\/uploads\/sites\/42\/2022\/10\/padel-botic2.webp","type":"image\/webp"}],"twitter_card":"summary_large_image","twitter_misc":{"Tiempo de lectura":"1 minuto"},"schema":{"@context":"https:\/\/schema.org","@graph":[{"@type":"WebPage","@id":"https:\/\/www.padelariumgava.com\/es\/tienda-padel\/","url":"https:\/\/www.padelariumgava.com\/es\/tienda-padel\/","name":"Tienda de p\u00e1del - Padelarium Gav\u00e1","isPartOf":{"@id":"https:\/\/www.padelariumgava.com\/es\/#website"},"primaryImageOfPage":{"@id":"https:\/\/www.padelariumgava.com\/es\/tienda-padel\/#primaryimage"},"image":{"@id":"https:\/\/www.padelariumgava.com\/es\/tienda-padel\/#primaryimage"},"thumbnailUrl":"https:\/\/www.padelariumgava.com\/wp-content\/uploads\/sites\/42\/2022\/10\/padel-botic2.webp","datePublished":"2022-09-06T11:02:43+00:00","dateModified":"2026-03-17T12:47:30+00:00","description":"En Padelarium Gav\u00e1 puedes encontrar todos los productos necesarios para entrenar o jugar. Nuestros profesionales te guiar\u00e1n.","inLanguage":"es","potentialAction":[{"@type":"ReadAction","target":["https:\/\/www.padelariumgava.com\/es\/tienda-padel\/"]}]},{"@type":"ImageObject","inLanguage":"es","@id":"https:\/\/www.padelariumgava.com\/es\/tienda-padel\/#primaryimage","url":"https:\/\/www.padelariumgava.com\/wp-content\/uploads\/sites\/42\/2022\/10\/padel-botic2.webp","contentUrl":"https:\/\/www.padelariumgava.com\/wp-content\/uploads\/sites\/42\/2022\/10\/padel-botic2.webp"},{"@type":"WebSite","@id":"https:\/\/www.padelariumgava.com\/es\/#website","url":"https:\/\/www.padelariumgava.com\/es\/","name":"Paderarium","description":"Padelarium - P\u00e0del Indoor","publisher":{"@id":"https:\/\/www.padelariumgava.com\/es\/#organization"},"potentialAction":[{"@type":"SearchAction","target":{"@type":"EntryPoint","urlTemplate":"https:\/\/www.padelariumgava.com\/es\/?s={search_term_string}"},"query-input":{"@type":"PropertyValueSpecification","valueRequired":true,"valueName":"search_term_string"}}],"inLanguage":"es"},{"@type":"Organization","@id":"https:\/\/www.padelariumgava.com\/es\/#organization","name":"Club de P\u00e0del a Gav\u00e0 - Padelarium","url":"https:\/\/www.padelariumgava.com\/es\/","logo":{"@type":"ImageObject","inLanguage":"es","@id":"https:\/\/www.padelariumgava.com\/es\/#\/schema\/logo\/image\/","url":"https:\/\/www.padelariumgava.com\/wp-content\/uploads\/sites\/42\/2022\/08\/padelarium-logo.jpg","contentUrl":"https:\/\/www.padelariumgava.com\/wp-content\/uploads\/sites\/42\/2022\/08\/padelarium-logo.jpg","width":211,"height":76,"caption":"Club de P\u00e0del a Gav\u00e0 - Padelarium"},"image":{"@id":"https:\/\/www.padelariumgava.com\/es\/#\/schema\/logo\/image\/"},"sameAs":["https:\/\/www.facebook.com\/padelariumgava\/","https:\/\/www.instagram.com\/padelarium\/"]}]}},"_links":{"self":[{"href":"https:\/\/www.padelariumgava.com\/es\/wp-json\/wp\/v2\/pages\/13160","targetHints":{"allow":["GET"]}}],"collection":[{"href":"https:\/\/www.padelariumgava.com\/es\/wp-json\/wp\/v2\/pages"}],"about":[{"href":"https:\/\/www.padelariumgava.com\/es\/wp-json\/wp\/v2\/types\/page"}],"author":[{"embeddable":true,"href":"https:\/\/www.padelariumgava.com\/es\/wp-json\/wp\/v2\/users\/67"}],"replies":[{"embeddable":true,"href":"https:\/\/www.padelariumgava.com\/es\/wp-json\/wp\/v2\/comments?post=13160"}],"version-history":[{"count":9,"href":"https:\/\/www.padelariumgava.com\/es\/wp-json\/wp\/v2\/pages\/13160\/revisions"}],"predecessor-version":[{"id":130652,"href":"https:\/\/www.padelariumgava.com\/es\/wp-json\/wp\/v2\/pages\/13160\/revisions\/130652"}],"wp:attachment":[{"href":"https:\/\/www.padelariumgava.com\/es\/wp-json\/wp\/v2\/media?parent=13160"}],"curies":[{"name":"wp","href":"https:\/\/api.w.org\/{rel}","templated":true}]}}