{"id":13178,"date":"2022-09-06T12:03:24","date_gmt":"2022-09-06T11:03:24","guid":{"rendered":"https:\/\/www.padelariumgava.com\/restaurants-a-gava\/"},"modified":"2026-03-17T13:48:39","modified_gmt":"2026-03-17T12:48:39","slug":"restaurantes-en-gava","status":"publish","type":"page","link":"https:\/\/www.padelariumgava.com\/es\/restaurantes-en-gava\/","title":{"rendered":"Cafeter\u00eda y restaurante"},"content":{"rendered":"\t\t<div data-elementor-type=\"wp-page\" data-elementor-id=\"13178\" class=\"elementor elementor-13178 elementor-9538\" data-elementor-post-type=\"page\">\n\t\t\t\t\t\t<section class=\"elementor-section elementor-top-section elementor-element elementor-element-18aa31c elementor-section-stretched elementor-section-boxed elementor-section-height-default elementor-section-height-default\" data-id=\"18aa31c\" data-element_type=\"section\" data-e-type=\"section\" data-settings=\"{&quot;stretch_section&quot;:&quot;section-stretched&quot;,&quot;background_background&quot;:&quot;classic&quot;}\">\n\t\t\t\t\t\t\t<div class=\"elementor-background-overlay\"><\/div>\n\t\t\t\t\t\t\t<div class=\"elementor-container elementor-column-gap-default\">\n\t\t\t\t\t<div class=\"elementor-column elementor-col-100 elementor-top-column elementor-element elementor-element-698ce25\" data-id=\"698ce25\" data-element_type=\"column\" data-e-type=\"column\">\n\t\t\t<div class=\"elementor-widget-wrap elementor-element-populated\">\n\t\t\t\t\t\t<div class=\"elementor-element elementor-element-b747c98 elementor-widget elementor-widget-text-editor\" data-id=\"b747c98\" data-element_type=\"widget\" data-e-type=\"widget\" data-widget_type=\"text-editor.default\">\n\t\t\t\t<div class=\"elementor-widget-container\">\n\t\t\t\t\t\t\t\t\t<p>CAFETER\u00cdA &amp; RESTAURANTE<\/p>\t\t\t\t\t\t\t\t<\/div>\n\t\t\t\t<\/div>\n\t\t\t\t<div class=\"elementor-element elementor-element-661d057 elementor-widget elementor-widget-text-editor\" data-id=\"661d057\" data-element_type=\"widget\" data-e-type=\"widget\" data-widget_type=\"text-editor.default\">\n\t\t\t\t<div class=\"elementor-widget-container\">\n\t\t\t\t\t\t\t\t\t<p style=\"text-align: center;\">\u00a1Disfruta de una buena comida<span style=\"color: var( --e-global-color-the7_buttons_text_color_mode ); letter-spacing: var(--the7-base-letter-spacing); text-transform: var(--the7-base-text-transform); word-spacing: normal;\">!<\/span><\/p>\t\t\t\t\t\t\t\t<\/div>\n\t\t\t\t<\/div>\n\t\t\t\t<div class=\"elementor-element elementor-element-2f2a35f elementor-view-default elementor-widget elementor-widget-icon\" data-id=\"2f2a35f\" data-element_type=\"widget\" data-e-type=\"widget\" data-widget_type=\"icon.default\">\n\t\t\t\t<div class=\"elementor-widget-container\">\n\t\t\t\t\t\t\t<div class=\"elementor-icon-wrapper\">\n\t\t\t<div class=\"elementor-icon\">\n\t\t\t<i aria-hidden=\"true\" class=\" icomoon-the7-font-the7-arrow-05\"><\/i>\t\t\t<\/div>\n\t\t<\/div>\n\t\t\t\t\t\t<\/div>\n\t\t\t\t<\/div>\n\t\t\t\t\t<\/div>\n\t\t<\/div>\n\t\t\t\t\t<\/div>\n\t\t<\/section>\n\t\t\t\t<section class=\"elementor-section elementor-top-section elementor-element elementor-element-7af0b05 elementor-section-stretched elementor-section-boxed elementor-section-height-default elementor-section-height-default\" data-id=\"7af0b05\" data-element_type=\"section\" data-e-type=\"section\" data-settings=\"{&quot;stretch_section&quot;:&quot;section-stretched&quot;}\">\n\t\t\t\t\t\t<div class=\"elementor-container elementor-column-gap-default\">\n\t\t\t\t\t<div class=\"elementor-column elementor-col-50 elementor-top-column elementor-element elementor-element-eef6cc6\" data-id=\"eef6cc6\" data-element_type=\"column\" data-e-type=\"column\">\n\t\t\t<div class=\"elementor-widget-wrap elementor-element-populated\">\n\t\t\t\t\t\t<div class=\"elementor-element elementor-element-ca4688b elementor-widget elementor-widget-heading\" data-id=\"ca4688b\" data-element_type=\"widget\" data-e-type=\"widget\" data-widget_type=\"heading.default\">\n\t\t\t\t<div class=\"elementor-widget-container\">\n\t\t\t\t\t<h1 class=\"elementor-heading-title elementor-size-default\">\u00a1Tu descanso despu\u00e9s del p\u00e1del!<\/h1>\t\t\t\t<\/div>\n\t\t\t\t<\/div>\n\t\t\t\t<div class=\"elementor-element elementor-element-760240c elementor-widget elementor-widget-text-editor\" data-id=\"760240c\" data-element_type=\"widget\" data-e-type=\"widget\" data-widget_type=\"text-editor.default\">\n\t\t\t\t<div class=\"elementor-widget-container\">\n\t\t\t\t\t\t\t\t\t<p>Si somos Padel&amp;Friends es porque el postpartido, en el p\u00e1del, no puede faltar&#8230;&nbsp; \u00a1Nuestro coffe &amp; restaurant es el punto de encuentro para tomar una cerveza o disfrutar de un aperitivo saludable con los amigos despu\u00e9s del partido!<\/p>\n<p>Con capacidad para m\u00e1s de 120 personas, encontrar\u00e9is un espacio moderno con sala interior y una agradable terraza exterior. Adem\u00e1s, contamos con una <strong>sala para acontecimientos especiales o reuniones<\/strong>, en un ambiente m\u00e1s \u00edntimo y profesional.<\/p>\n<p>En nuestro bar-restaurante de Padelarium Gav\u00e0 tenemos una gran oferta a lo largo del d\u00eda: ofrecemos tanto <strong>desayunos<\/strong> por la ma\u00f1ana, como servicio continuo de <strong>tapas<\/strong> o <strong>men\u00fa diario y reservas<\/strong> <strong>para grupos.<\/strong><\/p>\n<p>Si no quieres esperar m\u00e1s para disfrutar de un aperitivo con tu grupo de Padel&amp;Friends, ll\u00e1manos para reservar. \u00a1Os esperamos!<\/p>\t\t\t\t\t\t\t\t<\/div>\n\t\t\t\t<\/div>\n\t\t\t\t<div class=\"elementor-element elementor-element-07a2930 elementor-position-inline-start elementor-mobile-position-inline-start elementor-view-default elementor-widget elementor-widget-icon-box\" data-id=\"07a2930\" data-element_type=\"widget\" data-e-type=\"widget\" data-widget_type=\"icon-box.default\">\n\t\t\t\t<div class=\"elementor-widget-container\">\n\t\t\t\t\t\t\t<div class=\"elementor-icon-box-wrapper\">\n\n\t\t\t\t\t\t<div class=\"elementor-icon-box-icon\">\n\t\t\t\t<a href=\"tel:+34666917603\" class=\"elementor-icon\" tabindex=\"-1\" aria-label=\"Reserva en el 666 917 603\">\n\t\t\t\t<i aria-hidden=\"true\" class=\" icomoon-the7-font-the7-phone-05\"><\/i>\t\t\t\t<\/a>\n\t\t\t<\/div>\n\t\t\t\n\t\t\t\t\t\t<div class=\"elementor-icon-box-content\">\n\n\t\t\t\t\t\t\t\t\t<h3 class=\"elementor-icon-box-title\">\n\t\t\t\t\t\t<a href=\"tel:+34666917603\" >\n\t\t\t\t\t\t\tReserva en el 666 917 603\t\t\t\t\t\t<\/a>\n\t\t\t\t\t<\/h3>\n\t\t\t\t\n\t\t\t\t\n\t\t\t<\/div>\n\t\t\t\n\t\t<\/div>\n\t\t\t\t\t\t<\/div>\n\t\t\t\t<\/div>\n\t\t\t\t\t<\/div>\n\t\t<\/div>\n\t\t\t\t<div class=\"elementor-column elementor-col-50 elementor-top-column elementor-element elementor-element-041bd7e\" data-id=\"041bd7e\" data-element_type=\"column\" data-e-type=\"column\">\n\t\t\t<div class=\"elementor-widget-wrap elementor-element-populated\">\n\t\t\t\t\t\t<div class=\"elementor-element elementor-element-e31aec3 elementor-widget elementor-widget-image\" data-id=\"e31aec3\" data-element_type=\"widget\" data-e-type=\"widget\" data-widget_type=\"image.default\">\n\t\t\t\t<div class=\"elementor-widget-container\">\n\t\t\t\t\t\t\t\t\t\t\t\t\t\t\t<img fetchpriority=\"high\" decoding=\"async\" width=\"600\" height=\"680\" src=\"https:\/\/www.padelariumgava.com\/wp-content\/uploads\/sites\/42\/2022\/10\/pdla-bar.webp\" class=\"attachment-full size-full wp-image-130661\" alt=\"bar i cafeteria padelarium\" srcset=\"https:\/\/www.padelariumgava.com\/wp-content\/uploads\/sites\/42\/2022\/10\/pdla-bar.webp 600w, https:\/\/www.padelariumgava.com\/wp-content\/uploads\/sites\/42\/2022\/10\/pdla-bar-265x300.webp 265w\" sizes=\"(max-width: 600px) 100vw, 600px\" \/>\t\t\t\t\t\t\t\t\t\t\t\t\t\t\t<\/div>\n\t\t\t\t<\/div>\n\t\t\t\t\t<\/div>\n\t\t<\/div>\n\t\t\t\t\t<\/div>\n\t\t<\/section>\n\t\t\t\t<\/div>\n\t\t","protected":false},"excerpt":{"rendered":"<p>CAFETER\u00cdA &amp; RESTAURANTE \u00a1Disfruta de una buena comida! \u00a1Tu descanso despu\u00e9s del p\u00e1del! Si somos Padel&amp;Friends es porque el postpartido, en el p\u00e1del, no puede faltar&#8230;&nbsp; \u00a1Nuestro coffe &amp; restaurant es el punto de encuentro para tomar una cerveza o disfrutar de un aperitivo saludable con los amigos despu\u00e9s del partido! Con capacidad para m\u00e1s&hellip;<\/p>\n","protected":false},"author":67,"featured_media":0,"parent":0,"menu_order":0,"comment_status":"closed","ping_status":"closed","template":"","meta":{"footnotes":""},"class_list":["post-13178","page","type-page","status-publish","hentry"],"yoast_head":"<!-- This site is optimized with the Yoast SEO plugin v26.8 - https:\/\/yoast.com\/product\/yoast-seo-wordpress\/ -->\n<title>Restaurantes en Gav\u00e1 - Cafeter\u00eda Padelarium<\/title>\n<meta name=\"description\" content=\"Nuestro restaurante es el punto de encuentro para disfrutar de una bebida o un aperitivo con los amigos despu\u00e9s del partido o entrenamiento.\" \/>\n<meta name=\"robots\" content=\"index, follow, max-snippet:-1, max-image-preview:large, max-video-preview:-1\" \/>\n<link rel=\"canonical\" href=\"https:\/\/www.padelariumgava.com\/es\/restaurantes-en-gava\/\" \/>\n<meta property=\"og:locale\" content=\"es_ES\" \/>\n<meta property=\"og:type\" content=\"article\" \/>\n<meta property=\"og:title\" content=\"Restaurantes en Gav\u00e1 - Cafeter\u00eda Padelarium\" \/>\n<meta property=\"og:description\" content=\"Nuestro restaurante es el punto de encuentro para disfrutar de una bebida o un aperitivo con los amigos despu\u00e9s del partido o entrenamiento.\" \/>\n<meta property=\"og:url\" content=\"https:\/\/www.padelariumgava.com\/es\/restaurantes-en-gava\/\" \/>\n<meta property=\"og:site_name\" content=\"Paderarium\" \/>\n<meta property=\"article:publisher\" content=\"https:\/\/www.facebook.com\/padelariumgava\/\" \/>\n<meta property=\"article:modified_time\" content=\"2026-03-17T12:48:39+00:00\" \/>\n<meta property=\"og:image\" content=\"https:\/\/www.padelariumgava.com\/wp-content\/uploads\/sites\/42\/2022\/10\/pdla-bar.webp\" \/>\n\t<meta property=\"og:image:width\" content=\"600\" \/>\n\t<meta property=\"og:image:height\" content=\"680\" \/>\n\t<meta property=\"og:image:type\" content=\"image\/webp\" \/>\n<meta name=\"twitter:card\" content=\"summary_large_image\" \/>\n<meta name=\"twitter:label1\" content=\"Tiempo de lectura\" \/>\n\t<meta name=\"twitter:data1\" content=\"1 minuto\" \/>\n<script type=\"application\/ld+json\" class=\"yoast-schema-graph\">{\"@context\":\"https:\/\/schema.org\",\"@graph\":[{\"@type\":\"WebPage\",\"@id\":\"https:\/\/www.padelariumgava.com\/es\/restaurantes-en-gava\/\",\"url\":\"https:\/\/www.padelariumgava.com\/es\/restaurantes-en-gava\/\",\"name\":\"Restaurantes en Gav\u00e1 - Cafeter\u00eda Padelarium\",\"isPartOf\":{\"@id\":\"https:\/\/www.padelariumgava.com\/es\/#website\"},\"primaryImageOfPage\":{\"@id\":\"https:\/\/www.padelariumgava.com\/es\/restaurantes-en-gava\/#primaryimage\"},\"image\":{\"@id\":\"https:\/\/www.padelariumgava.com\/es\/restaurantes-en-gava\/#primaryimage\"},\"thumbnailUrl\":\"https:\/\/www.padelariumgava.com\/wp-content\/uploads\/sites\/42\/2022\/10\/pdla-bar.webp\",\"datePublished\":\"2022-09-06T11:03:24+00:00\",\"dateModified\":\"2026-03-17T12:48:39+00:00\",\"description\":\"Nuestro restaurante es el punto de encuentro para disfrutar de una bebida o un aperitivo con los amigos despu\u00e9s del partido o entrenamiento.\",\"inLanguage\":\"es\",\"potentialAction\":[{\"@type\":\"ReadAction\",\"target\":[\"https:\/\/www.padelariumgava.com\/es\/restaurantes-en-gava\/\"]}]},{\"@type\":\"ImageObject\",\"inLanguage\":\"es\",\"@id\":\"https:\/\/www.padelariumgava.com\/es\/restaurantes-en-gava\/#primaryimage\",\"url\":\"https:\/\/www.padelariumgava.com\/wp-content\/uploads\/sites\/42\/2022\/10\/pdla-bar.webp\",\"contentUrl\":\"https:\/\/www.padelariumgava.com\/wp-content\/uploads\/sites\/42\/2022\/10\/pdla-bar.webp\"},{\"@type\":\"WebSite\",\"@id\":\"https:\/\/www.padelariumgava.com\/es\/#website\",\"url\":\"https:\/\/www.padelariumgava.com\/es\/\",\"name\":\"Paderarium\",\"description\":\"Padelarium - P\u00e0del Indoor\",\"publisher\":{\"@id\":\"https:\/\/www.padelariumgava.com\/es\/#organization\"},\"potentialAction\":[{\"@type\":\"SearchAction\",\"target\":{\"@type\":\"EntryPoint\",\"urlTemplate\":\"https:\/\/www.padelariumgava.com\/es\/?s={search_term_string}\"},\"query-input\":{\"@type\":\"PropertyValueSpecification\",\"valueRequired\":true,\"valueName\":\"search_term_string\"}}],\"inLanguage\":\"es\"},{\"@type\":\"Organization\",\"@id\":\"https:\/\/www.padelariumgava.com\/es\/#organization\",\"name\":\"Club de P\u00e0del a Gav\u00e0 - Padelarium\",\"url\":\"https:\/\/www.padelariumgava.com\/es\/\",\"logo\":{\"@type\":\"ImageObject\",\"inLanguage\":\"es\",\"@id\":\"https:\/\/www.padelariumgava.com\/es\/#\/schema\/logo\/image\/\",\"url\":\"https:\/\/www.padelariumgava.com\/wp-content\/uploads\/sites\/42\/2022\/08\/padelarium-logo.jpg\",\"contentUrl\":\"https:\/\/www.padelariumgava.com\/wp-content\/uploads\/sites\/42\/2022\/08\/padelarium-logo.jpg\",\"width\":211,\"height\":76,\"caption\":\"Club de P\u00e0del a Gav\u00e0 - Padelarium\"},\"image\":{\"@id\":\"https:\/\/www.padelariumgava.com\/es\/#\/schema\/logo\/image\/\"},\"sameAs\":[\"https:\/\/www.facebook.com\/padelariumgava\/\",\"https:\/\/www.instagram.com\/padelarium\/\"]}]}<\/script>\n<!-- \/ Yoast SEO plugin. -->","yoast_head_json":{"title":"Restaurantes en Gav\u00e1 - Cafeter\u00eda Padelarium","description":"Nuestro restaurante es el punto de encuentro para disfrutar de una bebida o un aperitivo con los amigos despu\u00e9s del partido o entrenamiento.","robots":{"index":"index","follow":"follow","max-snippet":"max-snippet:-1","max-image-preview":"max-image-preview:large","max-video-preview":"max-video-preview:-1"},"canonical":"https:\/\/www.padelariumgava.com\/es\/restaurantes-en-gava\/","og_locale":"es_ES","og_type":"article","og_title":"Restaurantes en Gav\u00e1 - Cafeter\u00eda Padelarium","og_description":"Nuestro restaurante es el punto de encuentro para disfrutar de una bebida o un aperitivo con los amigos despu\u00e9s del partido o entrenamiento.","og_url":"https:\/\/www.padelariumgava.com\/es\/restaurantes-en-gava\/","og_site_name":"Paderarium","article_publisher":"https:\/\/www.facebook.com\/padelariumgava\/","article_modified_time":"2026-03-17T12:48:39+00:00","og_image":[{"width":600,"height":680,"url":"https:\/\/www.padelariumgava.com\/wp-content\/uploads\/sites\/42\/2022\/10\/pdla-bar.webp","type":"image\/webp"}],"twitter_card":"summary_large_image","twitter_misc":{"Tiempo de lectura":"1 minuto"},"schema":{"@context":"https:\/\/schema.org","@graph":[{"@type":"WebPage","@id":"https:\/\/www.padelariumgava.com\/es\/restaurantes-en-gava\/","url":"https:\/\/www.padelariumgava.com\/es\/restaurantes-en-gava\/","name":"Restaurantes en Gav\u00e1 - Cafeter\u00eda Padelarium","isPartOf":{"@id":"https:\/\/www.padelariumgava.com\/es\/#website"},"primaryImageOfPage":{"@id":"https:\/\/www.padelariumgava.com\/es\/restaurantes-en-gava\/#primaryimage"},"image":{"@id":"https:\/\/www.padelariumgava.com\/es\/restaurantes-en-gava\/#primaryimage"},"thumbnailUrl":"https:\/\/www.padelariumgava.com\/wp-content\/uploads\/sites\/42\/2022\/10\/pdla-bar.webp","datePublished":"2022-09-06T11:03:24+00:00","dateModified":"2026-03-17T12:48:39+00:00","description":"Nuestro restaurante es el punto de encuentro para disfrutar de una bebida o un aperitivo con los amigos despu\u00e9s del partido o entrenamiento.","inLanguage":"es","potentialAction":[{"@type":"ReadAction","target":["https:\/\/www.padelariumgava.com\/es\/restaurantes-en-gava\/"]}]},{"@type":"ImageObject","inLanguage":"es","@id":"https:\/\/www.padelariumgava.com\/es\/restaurantes-en-gava\/#primaryimage","url":"https:\/\/www.padelariumgava.com\/wp-content\/uploads\/sites\/42\/2022\/10\/pdla-bar.webp","contentUrl":"https:\/\/www.padelariumgava.com\/wp-content\/uploads\/sites\/42\/2022\/10\/pdla-bar.webp"},{"@type":"WebSite","@id":"https:\/\/www.padelariumgava.com\/es\/#website","url":"https:\/\/www.padelariumgava.com\/es\/","name":"Paderarium","description":"Padelarium - P\u00e0del Indoor","publisher":{"@id":"https:\/\/www.padelariumgava.com\/es\/#organization"},"potentialAction":[{"@type":"SearchAction","target":{"@type":"EntryPoint","urlTemplate":"https:\/\/www.padelariumgava.com\/es\/?s={search_term_string}"},"query-input":{"@type":"PropertyValueSpecification","valueRequired":true,"valueName":"search_term_string"}}],"inLanguage":"es"},{"@type":"Organization","@id":"https:\/\/www.padelariumgava.com\/es\/#organization","name":"Club de P\u00e0del a Gav\u00e0 - Padelarium","url":"https:\/\/www.padelariumgava.com\/es\/","logo":{"@type":"ImageObject","inLanguage":"es","@id":"https:\/\/www.padelariumgava.com\/es\/#\/schema\/logo\/image\/","url":"https:\/\/www.padelariumgava.com\/wp-content\/uploads\/sites\/42\/2022\/08\/padelarium-logo.jpg","contentUrl":"https:\/\/www.padelariumgava.com\/wp-content\/uploads\/sites\/42\/2022\/08\/padelarium-logo.jpg","width":211,"height":76,"caption":"Club de P\u00e0del a Gav\u00e0 - Padelarium"},"image":{"@id":"https:\/\/www.padelariumgava.com\/es\/#\/schema\/logo\/image\/"},"sameAs":["https:\/\/www.facebook.com\/padelariumgava\/","https:\/\/www.instagram.com\/padelarium\/"]}]}},"_links":{"self":[{"href":"https:\/\/www.padelariumgava.com\/es\/wp-json\/wp\/v2\/pages\/13178","targetHints":{"allow":["GET"]}}],"collection":[{"href":"https:\/\/www.padelariumgava.com\/es\/wp-json\/wp\/v2\/pages"}],"about":[{"href":"https:\/\/www.padelariumgava.com\/es\/wp-json\/wp\/v2\/types\/page"}],"author":[{"embeddable":true,"href":"https:\/\/www.padelariumgava.com\/es\/wp-json\/wp\/v2\/users\/67"}],"replies":[{"embeddable":true,"href":"https:\/\/www.padelariumgava.com\/es\/wp-json\/wp\/v2\/comments?post=13178"}],"version-history":[{"count":6,"href":"https:\/\/www.padelariumgava.com\/es\/wp-json\/wp\/v2\/pages\/13178\/revisions"}],"predecessor-version":[{"id":130664,"href":"https:\/\/www.padelariumgava.com\/es\/wp-json\/wp\/v2\/pages\/13178\/revisions\/130664"}],"wp:attachment":[{"href":"https:\/\/www.padelariumgava.com\/es\/wp-json\/wp\/v2\/media?parent=13178"}],"curies":[{"name":"wp","href":"https:\/\/api.w.org\/{rel}","templated":true}]}}