{"id":13292,"date":"2022-09-06T12:01:51","date_gmt":"2022-09-06T11:01:51","guid":{"rendered":"https:\/\/www.padelariumgava.com\/padel-adaptat\/"},"modified":"2026-03-17T13:46:16","modified_gmt":"2026-03-17T12:46:16","slug":"padel-adaptado","status":"publish","type":"page","link":"https:\/\/www.padelariumgava.com\/es\/padel-adaptado\/","title":{"rendered":"P\u00e1del adaptado"},"content":{"rendered":"\t\t<div data-elementor-type=\"wp-page\" data-elementor-id=\"13292\" class=\"elementor elementor-13292 elementor-9528\" data-elementor-post-type=\"page\">\n\t\t\t\t<div class=\"elementor-element elementor-element-f0d54a8 full-width e-flex e-con-boxed e-con e-parent\" data-id=\"f0d54a8\" data-element_type=\"container\" data-e-type=\"container\" data-settings=\"{&quot;background_background&quot;:&quot;classic&quot;}\">\n\t\t\t\t\t<div class=\"e-con-inner\">\n\t\t<div class=\"elementor-element elementor-element-3996794 e-con-full e-flex e-con e-child\" data-id=\"3996794\" data-element_type=\"container\" data-e-type=\"container\">\n\t\t\t\t<div class=\"elementor-element elementor-element-49583e0 elementor-widget elementor-widget-text-editor\" data-id=\"49583e0\" data-element_type=\"widget\" data-e-type=\"widget\" data-widget_type=\"text-editor.default\">\n\t\t\t\t<div class=\"elementor-widget-container\">\n\t\t\t\t\t\t\t\t\t<p>CLASES DE P\u00c1DEL ADAPTADO<\/p>\t\t\t\t\t\t\t\t<\/div>\n\t\t\t\t<\/div>\n\t\t\t\t<div class=\"elementor-element elementor-element-405bb8a elementor-widget elementor-widget-text-editor\" data-id=\"405bb8a\" data-element_type=\"widget\" data-e-type=\"widget\" data-widget_type=\"text-editor.default\">\n\t\t\t\t<div class=\"elementor-widget-container\">\n\t\t\t\t\t\t\t\t\t<p style=\"text-align: center\">\u00a1El p\u00e1del para todos y todas!<\/p>\t\t\t\t\t\t\t\t<\/div>\n\t\t\t\t<\/div>\n\t\t\t\t<div class=\"elementor-element elementor-element-a502a5a elementor-view-default elementor-widget elementor-widget-icon\" data-id=\"a502a5a\" data-element_type=\"widget\" data-e-type=\"widget\" data-widget_type=\"icon.default\">\n\t\t\t\t<div class=\"elementor-widget-container\">\n\t\t\t\t\t\t\t<div class=\"elementor-icon-wrapper\">\n\t\t\t<div class=\"elementor-icon\">\n\t\t\t<i aria-hidden=\"true\" class=\" icomoon-the7-font-the7-arrow-05\"><\/i>\t\t\t<\/div>\n\t\t<\/div>\n\t\t\t\t\t\t<\/div>\n\t\t\t\t<\/div>\n\t\t\t\t<\/div>\n\t\t\t\t\t<\/div>\n\t\t\t\t<\/div>\n\t\t\t\t<section class=\"elementor-section elementor-top-section elementor-element elementor-element-4d9ac23 elementor-section-stretched elementor-section-boxed elementor-section-height-default elementor-section-height-default\" data-id=\"4d9ac23\" data-element_type=\"section\" data-e-type=\"section\" data-settings=\"{&quot;stretch_section&quot;:&quot;section-stretched&quot;}\">\n\t\t\t\t\t\t<div class=\"elementor-container elementor-column-gap-default\">\n\t\t\t\t\t<div class=\"elementor-column elementor-col-50 elementor-top-column elementor-element elementor-element-b9c0073\" data-id=\"b9c0073\" data-element_type=\"column\" data-e-type=\"column\">\n\t\t\t<div class=\"elementor-widget-wrap elementor-element-populated\">\n\t\t\t\t\t\t<div class=\"elementor-element elementor-element-9f49e0d elementor-widget elementor-widget-heading\" data-id=\"9f49e0d\" data-element_type=\"widget\" data-e-type=\"widget\" data-widget_type=\"heading.default\">\n\t\t\t\t<div class=\"elementor-widget-container\">\n\t\t\t\t\t<h1 class=\"elementor-heading-title elementor-size-default\">Pista de p\u00e1del adaptado en Padelarium Gav\u00e0<\/h1>\t\t\t\t<\/div>\n\t\t\t\t<\/div>\n\t\t\t\t<div class=\"elementor-element elementor-element-2ac1f21 elementor-widget elementor-widget-text-editor\" data-id=\"2ac1f21\" data-element_type=\"widget\" data-e-type=\"widget\" data-widget_type=\"text-editor.default\">\n\t\t\t\t<div class=\"elementor-widget-container\">\n\t\t\t\t\t\t\t\t\t<p>En Padelarium somos colaboradores del\u00a0<strong><a target=\"_blank\" href=\"http:\/\/www.cepacatalunya.com\" rel=\"noopener\">Club Esportiu de P\u00e0del Adaptat Catalunya 2017<\/a>\u00a0<\/strong>que fomenta y promociona la pr\u00e1ctica del p\u00e1del entre personas con diversidad funcional o movilidad reducida, con el objetivo de favorecer su integraci\u00f3n y que puedan disfrutar de los beneficios f\u00edsicos, mentales y sociales que aporta el p\u00e1del:<\/p>\t\t\t\t\t\t\t\t<\/div>\n\t\t\t\t<\/div>\n\t\t\t\t<div class=\"elementor-element elementor-element-1f809b7 elementor-icon-list--layout-traditional elementor-list-item-link-full_width elementor-widget elementor-widget-icon-list\" data-id=\"1f809b7\" data-element_type=\"widget\" data-e-type=\"widget\" data-widget_type=\"icon-list.default\">\n\t\t\t\t<div class=\"elementor-widget-container\">\n\t\t\t\t\t\t\t<ul class=\"elementor-icon-list-items\">\n\t\t\t\t\t\t\t<li class=\"elementor-icon-list-item\">\n\t\t\t\t\t\t\t\t\t\t\t<span class=\"elementor-icon-list-icon\">\n\t\t\t\t\t\t\t<i aria-hidden=\"true\" class=\"fas fa-check\"><\/i>\t\t\t\t\t\t<\/span>\n\t\t\t\t\t\t\t\t\t\t<span class=\"elementor-icon-list-text\">La actividad deportiva como herramienta para la rehabilitaci\u00f3n.<\/span>\n\t\t\t\t\t\t\t\t\t<\/li>\n\t\t\t\t\t\t\t\t<li class=\"elementor-icon-list-item\">\n\t\t\t\t\t\t\t\t\t\t\t<span class=\"elementor-icon-list-icon\">\n\t\t\t\t\t\t\t<i aria-hidden=\"true\" class=\"fas fa-check\"><\/i>\t\t\t\t\t\t<\/span>\n\t\t\t\t\t\t\t\t\t\t<span class=\"elementor-icon-list-text\">Potenciar sus habilidades psicomotrices, intelectuales y sociales.<\/span>\n\t\t\t\t\t\t\t\t\t<\/li>\n\t\t\t\t\t\t\t\t<li class=\"elementor-icon-list-item\">\n\t\t\t\t\t\t\t\t\t\t\t<span class=\"elementor-icon-list-icon\">\n\t\t\t\t\t\t\t<i aria-hidden=\"true\" class=\"fas fa-check\"><\/i>\t\t\t\t\t\t<\/span>\n\t\t\t\t\t\t\t\t\t\t<span class=\"elementor-icon-list-text\">La adquisici\u00f3n de la pr\u00e1ctica deportiva como h\u00e1bito saludable.<\/span>\n\t\t\t\t\t\t\t\t\t<\/li>\n\t\t\t\t\t\t\t\t<li class=\"elementor-icon-list-item\">\n\t\t\t\t\t\t\t\t\t\t\t<span class=\"elementor-icon-list-icon\">\n\t\t\t\t\t\t\t<i aria-hidden=\"true\" class=\"fas fa-check\"><\/i>\t\t\t\t\t\t<\/span>\n\t\t\t\t\t\t\t\t\t\t<span class=\"elementor-icon-list-text\">Ofrecer un espacio de diversi\u00f3n y relaci\u00f3n con otras personas.<\/span>\n\t\t\t\t\t\t\t\t\t<\/li>\n\t\t\t\t\t\t<\/ul>\n\t\t\t\t\t\t<\/div>\n\t\t\t\t<\/div>\n\t\t\t\t<div class=\"elementor-element elementor-element-9faa172 elementor-widget elementor-widget-text-editor\" data-id=\"9faa172\" data-element_type=\"widget\" data-e-type=\"widget\" data-widget_type=\"text-editor.default\">\n\t\t\t\t<div class=\"elementor-widget-container\">\n\t\t\t\t\t\t\t\t\t<p>\u00a1Colaboramos para hacer posible <strong>una mejor calidad de vida para todo el mundo<\/strong> a trav\u00e9s de la pr\u00e1ctica del p\u00e1del!<\/p>\t\t\t\t\t\t\t\t<\/div>\n\t\t\t\t<\/div>\n\t\t\t\t\t<\/div>\n\t\t<\/div>\n\t\t\t\t<div class=\"elementor-column elementor-col-50 elementor-top-column elementor-element elementor-element-1cbf54c\" data-id=\"1cbf54c\" data-element_type=\"column\" data-e-type=\"column\" data-settings=\"{&quot;background_background&quot;:&quot;classic&quot;}\">\n\t\t\t<div class=\"elementor-widget-wrap elementor-element-populated\">\n\t\t\t\t\t<div class=\"elementor-background-overlay\"><\/div>\n\t\t\t\t\t\t<div class=\"elementor-element elementor-element-1abf0bb elementor-widget elementor-widget-image\" data-id=\"1abf0bb\" data-element_type=\"widget\" data-e-type=\"widget\" data-widget_type=\"image.default\">\n\t\t\t\t<div class=\"elementor-widget-container\">\n\t\t\t\t\t\t\t\t\t\t\t\t\t\t\t<img fetchpriority=\"high\" decoding=\"async\" width=\"497\" height=\"410\" src=\"https:\/\/www.padelariumgava.com\/wp-content\/uploads\/sites\/42\/2023\/10\/padel-adaptado-padelarium-gava.webp\" class=\"attachment-medium_large size-medium_large wp-image-21285\" alt=\"P\u00e0del adaptat - P\u00e1del adaptado\" srcset=\"https:\/\/www.padelariumgava.com\/wp-content\/uploads\/sites\/42\/2023\/10\/padel-adaptado-padelarium-gava.webp 497w, https:\/\/www.padelariumgava.com\/wp-content\/uploads\/sites\/42\/2023\/10\/padel-adaptado-padelarium-gava-300x247.webp 300w\" sizes=\"(max-width: 497px) 100vw, 497px\" \/>\t\t\t\t\t\t\t\t\t\t\t\t\t\t\t<\/div>\n\t\t\t\t<\/div>\n\t\t\t\t\t<\/div>\n\t\t<\/div>\n\t\t\t\t\t<\/div>\n\t\t<\/section>\n\t\t\t\t<section class=\"elementor-section elementor-top-section elementor-element elementor-element-4073707 elementor-section-stretched elementor-section-boxed elementor-section-height-default elementor-section-height-default\" data-id=\"4073707\" data-element_type=\"section\" data-e-type=\"section\" data-settings=\"{&quot;stretch_section&quot;:&quot;section-stretched&quot;,&quot;background_background&quot;:&quot;classic&quot;}\">\n\t\t\t\t\t\t<div class=\"elementor-container elementor-column-gap-default\">\n\t\t\t\t\t<div class=\"elementor-column elementor-col-50 elementor-top-column elementor-element elementor-element-182b7df\" data-id=\"182b7df\" data-element_type=\"column\" data-e-type=\"column\">\n\t\t\t<div class=\"elementor-widget-wrap elementor-element-populated\">\n\t\t\t\t\t\t<div class=\"elementor-element elementor-element-2d45a0e elementor-widget elementor-widget-text-editor\" data-id=\"2d45a0e\" data-element_type=\"widget\" data-e-type=\"widget\" data-widget_type=\"text-editor.default\">\n\t\t\t\t<div class=\"elementor-widget-container\">\n\t\t\t\t\t\t\t\t\t<p>\u00bfQuieres mejorar en p\u00e1del adaptado?<strong> \u00a1Preg\u00fantanos por nuestros entrenadores!<\/strong><\/p>\t\t\t\t\t\t\t\t<\/div>\n\t\t\t\t<\/div>\n\t\t\t\t\t<\/div>\n\t\t<\/div>\n\t\t\t\t<div class=\"elementor-column elementor-col-50 elementor-top-column elementor-element elementor-element-d08d6dc\" data-id=\"d08d6dc\" data-element_type=\"column\" data-e-type=\"column\">\n\t\t\t<div class=\"elementor-widget-wrap elementor-element-populated\">\n\t\t\t\t\t\t<div class=\"elementor-element elementor-element-7a12890 elementor-align-justify elementor-mobile-align-justify elementor-widget elementor-widget-button\" data-id=\"7a12890\" data-element_type=\"widget\" data-e-type=\"widget\" data-widget_type=\"button.default\">\n\t\t\t\t<div class=\"elementor-widget-container\">\n\t\t\t\t\t\t\t\t\t<div class=\"elementor-button-wrapper\">\n\t\t\t\t\t<a class=\"elementor-button elementor-button-link elementor-size-md\" href=\"https:\/\/www.padelariumgava.com\/es\/clases-particulares\/\">\n\t\t\t\t\t\t<span class=\"elementor-button-content-wrapper\">\n\t\t\t\t\t\t\t\t\t<span class=\"elementor-button-text\"><i class=\"fa fa-arrow-circle-right\" aria-hidden=\"true\" style=\"margin-right:10px\"><\/i>M\u00c1S INFO<\/span>\n\t\t\t\t\t<\/span>\n\t\t\t\t\t<\/a>\n\t\t\t\t<\/div>\n\t\t\t\t\t\t\t\t<\/div>\n\t\t\t\t<\/div>\n\t\t\t\t\t<\/div>\n\t\t<\/div>\n\t\t\t\t\t<\/div>\n\t\t<\/section>\n\t\t\t\t<\/div>\n\t\t","protected":false},"excerpt":{"rendered":"<p>CLASES DE P\u00c1DEL ADAPTADO \u00a1El p\u00e1del para todos y todas! Pista de p\u00e1del adaptado en Padelarium Gav\u00e0 En Padelarium somos colaboradores del\u00a0Club Esportiu de P\u00e0del Adaptat Catalunya 2017\u00a0que fomenta y promociona la pr\u00e1ctica del p\u00e1del entre personas con diversidad funcional o movilidad reducida, con el objetivo de favorecer su integraci\u00f3n y que puedan disfrutar de&hellip;<\/p>\n","protected":false},"author":67,"featured_media":0,"parent":0,"menu_order":0,"comment_status":"closed","ping_status":"closed","template":"","meta":{"footnotes":""},"class_list":["post-13292","page","type-page","status-publish","hentry"],"yoast_head":"<!-- This site is optimized with the Yoast SEO plugin v26.8 - https:\/\/yoast.com\/product\/yoast-seo-wordpress\/ -->\n<title>Clases de P\u00e1del Adaptado | Escuela de P\u00e1del Padelarium<\/title>\n<meta name=\"description\" content=\"Escuela P\u00e1del Adaptado en Gav\u00e0 (Barcelona). Clases de P\u00e1del para adultos en silla de ruedas. In\u00edciate en el P\u00e1del o perfecciona tu t\u00e9cnica en Padelarium\" \/>\n<meta name=\"robots\" content=\"index, follow, max-snippet:-1, max-image-preview:large, max-video-preview:-1\" \/>\n<link rel=\"canonical\" href=\"https:\/\/www.padelariumgava.com\/es\/padel-adaptado\/\" \/>\n<meta property=\"og:locale\" content=\"es_ES\" \/>\n<meta property=\"og:type\" content=\"article\" \/>\n<meta property=\"og:title\" content=\"Clases de P\u00e1del Adaptado | Escuela de P\u00e1del Padelarium\" \/>\n<meta property=\"og:description\" content=\"Escuela P\u00e1del Adaptado en Gav\u00e0 (Barcelona). Clases de P\u00e1del para adultos en silla de ruedas. In\u00edciate en el P\u00e1del o perfecciona tu t\u00e9cnica en Padelarium\" \/>\n<meta property=\"og:url\" content=\"https:\/\/www.padelariumgava.com\/es\/padel-adaptado\/\" \/>\n<meta property=\"og:site_name\" content=\"Paderarium\" \/>\n<meta property=\"article:publisher\" content=\"https:\/\/www.facebook.com\/padelariumgava\/\" \/>\n<meta property=\"article:modified_time\" content=\"2026-03-17T12:46:16+00:00\" \/>\n<meta property=\"og:image\" content=\"https:\/\/www.padelariumgava.com\/wp-content\/uploads\/sites\/42\/2023\/10\/padel-adaptado-padelarium-gava.webp\" \/>\n\t<meta property=\"og:image:width\" content=\"497\" \/>\n\t<meta property=\"og:image:height\" content=\"410\" \/>\n\t<meta property=\"og:image:type\" content=\"image\/webp\" \/>\n<meta name=\"twitter:card\" content=\"summary_large_image\" \/>\n<meta name=\"twitter:label1\" content=\"Tiempo de lectura\" \/>\n\t<meta name=\"twitter:data1\" content=\"1 minuto\" \/>\n<script type=\"application\/ld+json\" class=\"yoast-schema-graph\">{\"@context\":\"https:\/\/schema.org\",\"@graph\":[{\"@type\":\"WebPage\",\"@id\":\"https:\/\/www.padelariumgava.com\/es\/padel-adaptado\/\",\"url\":\"https:\/\/www.padelariumgava.com\/es\/padel-adaptado\/\",\"name\":\"Clases de P\u00e1del Adaptado | Escuela de P\u00e1del Padelarium\",\"isPartOf\":{\"@id\":\"https:\/\/www.padelariumgava.com\/es\/#website\"},\"primaryImageOfPage\":{\"@id\":\"https:\/\/www.padelariumgava.com\/es\/padel-adaptado\/#primaryimage\"},\"image\":{\"@id\":\"https:\/\/www.padelariumgava.com\/es\/padel-adaptado\/#primaryimage\"},\"thumbnailUrl\":\"https:\/\/www.padelariumgava.com\/wp-content\/uploads\/sites\/42\/2023\/10\/padel-adaptado-padelarium-gava.webp\",\"datePublished\":\"2022-09-06T11:01:51+00:00\",\"dateModified\":\"2026-03-17T12:46:16+00:00\",\"description\":\"Escuela P\u00e1del Adaptado en Gav\u00e0 (Barcelona). Clases de P\u00e1del para adultos en silla de ruedas. In\u00edciate en el P\u00e1del o perfecciona tu t\u00e9cnica en Padelarium\",\"inLanguage\":\"es\",\"potentialAction\":[{\"@type\":\"ReadAction\",\"target\":[\"https:\/\/www.padelariumgava.com\/es\/padel-adaptado\/\"]}]},{\"@type\":\"ImageObject\",\"inLanguage\":\"es\",\"@id\":\"https:\/\/www.padelariumgava.com\/es\/padel-adaptado\/#primaryimage\",\"url\":\"https:\/\/www.padelariumgava.com\/wp-content\/uploads\/sites\/42\/2023\/10\/padel-adaptado-padelarium-gava.webp\",\"contentUrl\":\"https:\/\/www.padelariumgava.com\/wp-content\/uploads\/sites\/42\/2023\/10\/padel-adaptado-padelarium-gava.webp\"},{\"@type\":\"WebSite\",\"@id\":\"https:\/\/www.padelariumgava.com\/es\/#website\",\"url\":\"https:\/\/www.padelariumgava.com\/es\/\",\"name\":\"Paderarium\",\"description\":\"Padelarium - P\u00e0del Indoor\",\"publisher\":{\"@id\":\"https:\/\/www.padelariumgava.com\/es\/#organization\"},\"potentialAction\":[{\"@type\":\"SearchAction\",\"target\":{\"@type\":\"EntryPoint\",\"urlTemplate\":\"https:\/\/www.padelariumgava.com\/es\/?s={search_term_string}\"},\"query-input\":{\"@type\":\"PropertyValueSpecification\",\"valueRequired\":true,\"valueName\":\"search_term_string\"}}],\"inLanguage\":\"es\"},{\"@type\":\"Organization\",\"@id\":\"https:\/\/www.padelariumgava.com\/es\/#organization\",\"name\":\"Club de P\u00e0del a Gav\u00e0 - Padelarium\",\"url\":\"https:\/\/www.padelariumgava.com\/es\/\",\"logo\":{\"@type\":\"ImageObject\",\"inLanguage\":\"es\",\"@id\":\"https:\/\/www.padelariumgava.com\/es\/#\/schema\/logo\/image\/\",\"url\":\"https:\/\/www.padelariumgava.com\/wp-content\/uploads\/sites\/42\/2022\/08\/padelarium-logo.jpg\",\"contentUrl\":\"https:\/\/www.padelariumgava.com\/wp-content\/uploads\/sites\/42\/2022\/08\/padelarium-logo.jpg\",\"width\":211,\"height\":76,\"caption\":\"Club de P\u00e0del a Gav\u00e0 - Padelarium\"},\"image\":{\"@id\":\"https:\/\/www.padelariumgava.com\/es\/#\/schema\/logo\/image\/\"},\"sameAs\":[\"https:\/\/www.facebook.com\/padelariumgava\/\",\"https:\/\/www.instagram.com\/padelarium\/\"]}]}<\/script>\n<!-- \/ Yoast SEO plugin. -->","yoast_head_json":{"title":"Clases de P\u00e1del Adaptado | Escuela de P\u00e1del Padelarium","description":"Escuela P\u00e1del Adaptado en Gav\u00e0 (Barcelona). Clases de P\u00e1del para adultos en silla de ruedas. In\u00edciate en el P\u00e1del o perfecciona tu t\u00e9cnica en Padelarium","robots":{"index":"index","follow":"follow","max-snippet":"max-snippet:-1","max-image-preview":"max-image-preview:large","max-video-preview":"max-video-preview:-1"},"canonical":"https:\/\/www.padelariumgava.com\/es\/padel-adaptado\/","og_locale":"es_ES","og_type":"article","og_title":"Clases de P\u00e1del Adaptado | Escuela de P\u00e1del Padelarium","og_description":"Escuela P\u00e1del Adaptado en Gav\u00e0 (Barcelona). Clases de P\u00e1del para adultos en silla de ruedas. In\u00edciate en el P\u00e1del o perfecciona tu t\u00e9cnica en Padelarium","og_url":"https:\/\/www.padelariumgava.com\/es\/padel-adaptado\/","og_site_name":"Paderarium","article_publisher":"https:\/\/www.facebook.com\/padelariumgava\/","article_modified_time":"2026-03-17T12:46:16+00:00","og_image":[{"width":497,"height":410,"url":"https:\/\/www.padelariumgava.com\/wp-content\/uploads\/sites\/42\/2023\/10\/padel-adaptado-padelarium-gava.webp","type":"image\/webp"}],"twitter_card":"summary_large_image","twitter_misc":{"Tiempo de lectura":"1 minuto"},"schema":{"@context":"https:\/\/schema.org","@graph":[{"@type":"WebPage","@id":"https:\/\/www.padelariumgava.com\/es\/padel-adaptado\/","url":"https:\/\/www.padelariumgava.com\/es\/padel-adaptado\/","name":"Clases de P\u00e1del Adaptado | Escuela de P\u00e1del Padelarium","isPartOf":{"@id":"https:\/\/www.padelariumgava.com\/es\/#website"},"primaryImageOfPage":{"@id":"https:\/\/www.padelariumgava.com\/es\/padel-adaptado\/#primaryimage"},"image":{"@id":"https:\/\/www.padelariumgava.com\/es\/padel-adaptado\/#primaryimage"},"thumbnailUrl":"https:\/\/www.padelariumgava.com\/wp-content\/uploads\/sites\/42\/2023\/10\/padel-adaptado-padelarium-gava.webp","datePublished":"2022-09-06T11:01:51+00:00","dateModified":"2026-03-17T12:46:16+00:00","description":"Escuela P\u00e1del Adaptado en Gav\u00e0 (Barcelona). Clases de P\u00e1del para adultos en silla de ruedas. In\u00edciate en el P\u00e1del o perfecciona tu t\u00e9cnica en Padelarium","inLanguage":"es","potentialAction":[{"@type":"ReadAction","target":["https:\/\/www.padelariumgava.com\/es\/padel-adaptado\/"]}]},{"@type":"ImageObject","inLanguage":"es","@id":"https:\/\/www.padelariumgava.com\/es\/padel-adaptado\/#primaryimage","url":"https:\/\/www.padelariumgava.com\/wp-content\/uploads\/sites\/42\/2023\/10\/padel-adaptado-padelarium-gava.webp","contentUrl":"https:\/\/www.padelariumgava.com\/wp-content\/uploads\/sites\/42\/2023\/10\/padel-adaptado-padelarium-gava.webp"},{"@type":"WebSite","@id":"https:\/\/www.padelariumgava.com\/es\/#website","url":"https:\/\/www.padelariumgava.com\/es\/","name":"Paderarium","description":"Padelarium - P\u00e0del Indoor","publisher":{"@id":"https:\/\/www.padelariumgava.com\/es\/#organization"},"potentialAction":[{"@type":"SearchAction","target":{"@type":"EntryPoint","urlTemplate":"https:\/\/www.padelariumgava.com\/es\/?s={search_term_string}"},"query-input":{"@type":"PropertyValueSpecification","valueRequired":true,"valueName":"search_term_string"}}],"inLanguage":"es"},{"@type":"Organization","@id":"https:\/\/www.padelariumgava.com\/es\/#organization","name":"Club de P\u00e0del a Gav\u00e0 - Padelarium","url":"https:\/\/www.padelariumgava.com\/es\/","logo":{"@type":"ImageObject","inLanguage":"es","@id":"https:\/\/www.padelariumgava.com\/es\/#\/schema\/logo\/image\/","url":"https:\/\/www.padelariumgava.com\/wp-content\/uploads\/sites\/42\/2022\/08\/padelarium-logo.jpg","contentUrl":"https:\/\/www.padelariumgava.com\/wp-content\/uploads\/sites\/42\/2022\/08\/padelarium-logo.jpg","width":211,"height":76,"caption":"Club de P\u00e0del a Gav\u00e0 - Padelarium"},"image":{"@id":"https:\/\/www.padelariumgava.com\/es\/#\/schema\/logo\/image\/"},"sameAs":["https:\/\/www.facebook.com\/padelariumgava\/","https:\/\/www.instagram.com\/padelarium\/"]}]}},"_links":{"self":[{"href":"https:\/\/www.padelariumgava.com\/es\/wp-json\/wp\/v2\/pages\/13292","targetHints":{"allow":["GET"]}}],"collection":[{"href":"https:\/\/www.padelariumgava.com\/es\/wp-json\/wp\/v2\/pages"}],"about":[{"href":"https:\/\/www.padelariumgava.com\/es\/wp-json\/wp\/v2\/types\/page"}],"author":[{"embeddable":true,"href":"https:\/\/www.padelariumgava.com\/es\/wp-json\/wp\/v2\/users\/67"}],"replies":[{"embeddable":true,"href":"https:\/\/www.padelariumgava.com\/es\/wp-json\/wp\/v2\/comments?post=13292"}],"version-history":[{"count":15,"href":"https:\/\/www.padelariumgava.com\/es\/wp-json\/wp\/v2\/pages\/13292\/revisions"}],"predecessor-version":[{"id":130646,"href":"https:\/\/www.padelariumgava.com\/es\/wp-json\/wp\/v2\/pages\/13292\/revisions\/130646"}],"wp:attachment":[{"href":"https:\/\/www.padelariumgava.com\/es\/wp-json\/wp\/v2\/media?parent=13292"}],"curies":[{"name":"wp","href":"https:\/\/api.w.org\/{rel}","templated":true}]}}