{"id":13713,"date":"2022-09-06T12:04:09","date_gmt":"2022-09-06T11:04:09","guid":{"rendered":"https:\/\/www.padelariumgava.com\/qui-som\/"},"modified":"2022-12-19T08:54:26","modified_gmt":"2022-12-19T07:54:26","slug":"quienes-somos","status":"publish","type":"page","link":"https:\/\/www.padelariumgava.com\/es\/quienes-somos\/","title":{"rendered":"\u00bfQui\u00e9nes somos?"},"content":{"rendered":"\t\t<div data-elementor-type=\"wp-page\" data-elementor-id=\"13713\" class=\"elementor elementor-13713 elementor-9544\" data-elementor-post-type=\"page\">\n\t\t\t\t\t\t<section class=\"elementor-section elementor-top-section elementor-element elementor-element-69415fd elementor-section-boxed elementor-section-height-default elementor-section-height-default\" data-id=\"69415fd\" data-element_type=\"section\" data-e-type=\"section\">\n\t\t\t\t\t\t<div class=\"elementor-container elementor-column-gap-default\">\n\t\t\t\t\t<div class=\"elementor-column elementor-col-100 elementor-top-column elementor-element elementor-element-affc4ed\" data-id=\"affc4ed\" data-element_type=\"column\" data-e-type=\"column\">\n\t\t\t<div class=\"elementor-widget-wrap elementor-element-populated\">\n\t\t\t\t\t\t<div class=\"elementor-element elementor-element-3de7005 elementor-widget elementor-widget-heading\" data-id=\"3de7005\" data-element_type=\"widget\" data-e-type=\"widget\" data-widget_type=\"heading.default\">\n\t\t\t\t<div class=\"elementor-widget-container\">\n\t\t\t\t\t<h1 class=\"elementor-heading-title elementor-size-default\">\u00bfQui\u00e9nes somos?<\/h1>\t\t\t\t<\/div>\n\t\t\t\t<\/div>\n\t\t\t\t<div class=\"elementor-element elementor-element-ad65d6e elementor-widget-divider--view-line elementor-widget elementor-widget-divider\" data-id=\"ad65d6e\" data-element_type=\"widget\" data-e-type=\"widget\" data-widget_type=\"divider.default\">\n\t\t\t\t<div class=\"elementor-widget-container\">\n\t\t\t\t\t\t\t<div class=\"elementor-divider\">\n\t\t\t<span class=\"elementor-divider-separator\">\n\t\t\t\t\t\t<\/span>\n\t\t<\/div>\n\t\t\t\t\t\t<\/div>\n\t\t\t\t<\/div>\n\t\t\t\t\t<\/div>\n\t\t<\/div>\n\t\t\t\t\t<\/div>\n\t\t<\/section>\n\t\t\t\t<section class=\"elementor-section elementor-top-section elementor-element elementor-element-460d177 elementor-section-boxed elementor-section-height-default elementor-section-height-default\" data-id=\"460d177\" data-element_type=\"section\" data-e-type=\"section\">\n\t\t\t\t\t\t<div class=\"elementor-container elementor-column-gap-default\">\n\t\t\t\t\t<div class=\"elementor-column elementor-col-50 elementor-top-column elementor-element elementor-element-5b28bbd\" data-id=\"5b28bbd\" data-element_type=\"column\" data-e-type=\"column\">\n\t\t\t<div class=\"elementor-widget-wrap elementor-element-populated\">\n\t\t\t\t\t\t<div class=\"elementor-element elementor-element-276227a elementor-widget elementor-widget-text-editor\" data-id=\"276227a\" data-element_type=\"widget\" data-e-type=\"widget\" data-widget_type=\"text-editor.default\">\n\t\t\t\t<div class=\"elementor-widget-container\">\n\t\t\t\t\t\t\t\t\t<p>Padelarium es un espacio gestionado por la empresa barcelonina <a href=\"https:\/\/cet10.com\/es\/\"><strong>CET10<\/strong><\/a>, dedicada desde hace m\u00e1s de 25 a\u00f1os a la promoci\u00f3n deportiva entre ni\u00f1os y j\u00f3venes y a la gesti\u00f3n de centros deportivos y de ocio, entre otros.<\/p>\n<p>En el a\u00f1o 2013 nace Padelarium, <strong>un club de p\u00e1del indoor<\/strong> donde todos los jugadores\/as pueden disfrutar de nuestra filosof\u00eda: el \u201cPadel&amp;Friends\u201d. Una manera de hacer que se ha convertido en un estilo de vida para muchos usuarios y, obviamente, \u00a1para todo nuestro equipo!<\/p>\n<p>No os podemos revelar nuestra receta secreta, la sientes una vez entras a formar parte: jugar con amigos y amigas, disfrutar del deporte, competir de manera sana, conocer gente nueva con un estilo similar al tuyo, que disfruta tanto del partido como del post partido \u00a1y que est\u00e1 deseando volver a jugar pronto!<\/p>\n<p><strong>Un verdadero Padel&amp;Friends sabe competir compartiendo,<\/strong> sabe el valor de la amistad, sabe comportarse dentro de la pista y sabe que siempre que venga, encontrar\u00e1 alguien con quien, adem\u00e1s de jugar, podr\u00e1 desconectar, re\u00edr y pasar un rato muy agradable fuera de la rutina.<\/p>\t\t\t\t\t\t\t\t<\/div>\n\t\t\t\t<\/div>\n\t\t\t\t\t<\/div>\n\t\t<\/div>\n\t\t\t\t<div class=\"elementor-column elementor-col-50 elementor-top-column elementor-element elementor-element-31a7279\" data-id=\"31a7279\" data-element_type=\"column\" data-e-type=\"column\">\n\t\t\t<div class=\"elementor-widget-wrap elementor-element-populated\">\n\t\t\t\t\t\t<div class=\"elementor-element elementor-element-dbf707a elementor-widget elementor-widget-image\" data-id=\"dbf707a\" data-element_type=\"widget\" data-e-type=\"widget\" data-widget_type=\"image.default\">\n\t\t\t\t<div class=\"elementor-widget-container\">\n\t\t\t\t\t\t\t\t\t\t\t\t\t\t\t<img fetchpriority=\"high\" decoding=\"async\" width=\"2259\" height=\"2560\" src=\"https:\/\/www.padelariumgava.com\/wp-content\/uploads\/sites\/42\/2022\/11\/padelarium-serveis-scaled.webp\" class=\"attachment-full size-full wp-image-13714\" alt=\"\" srcset=\"https:\/\/www.padelariumgava.com\/wp-content\/uploads\/sites\/42\/2022\/11\/padelarium-serveis-scaled.webp 2259w, https:\/\/www.padelariumgava.com\/wp-content\/uploads\/sites\/42\/2022\/11\/padelarium-serveis-265x300.webp 265w, https:\/\/www.padelariumgava.com\/wp-content\/uploads\/sites\/42\/2022\/11\/padelarium-serveis-904x1024.webp 904w, https:\/\/www.padelariumgava.com\/wp-content\/uploads\/sites\/42\/2022\/11\/padelarium-serveis-768x870.webp 768w, https:\/\/www.padelariumgava.com\/wp-content\/uploads\/sites\/42\/2022\/11\/padelarium-serveis-1355x1536.webp 1355w, https:\/\/www.padelariumgava.com\/wp-content\/uploads\/sites\/42\/2022\/11\/padelarium-serveis-1807x2048.webp 1807w\" sizes=\"(max-width: 2259px) 100vw, 2259px\" \/>\t\t\t\t\t\t\t\t\t\t\t\t\t\t\t<\/div>\n\t\t\t\t<\/div>\n\t\t\t\t\t<\/div>\n\t\t<\/div>\n\t\t\t\t\t<\/div>\n\t\t<\/section>\n\t\t\t\t<\/div>\n\t\t","protected":false},"excerpt":{"rendered":"<p>\u00bfQui\u00e9nes somos? Padelarium es un espacio gestionado por la empresa barcelonina CET10, dedicada desde hace m\u00e1s de 25 a\u00f1os a la promoci\u00f3n deportiva entre ni\u00f1os y j\u00f3venes y a la gesti\u00f3n de centros deportivos y de ocio, entre otros. En el a\u00f1o 2013 nace Padelarium, un club de p\u00e1del indoor donde todos los jugadores\/as pueden&hellip;<\/p>\n","protected":false},"author":67,"featured_media":0,"parent":0,"menu_order":0,"comment_status":"closed","ping_status":"closed","template":"","meta":{"footnotes":""},"class_list":["post-13713","page","type-page","status-publish","hentry"],"yoast_head":"<!-- This site is optimized with the Yoast SEO plugin v26.8 - https:\/\/yoast.com\/product\/yoast-seo-wordpress\/ -->\n<title>\u00bfQui\u00e9nes somos? - Paderarium<\/title>\n<meta name=\"robots\" content=\"index, follow, max-snippet:-1, max-image-preview:large, max-video-preview:-1\" \/>\n<link rel=\"canonical\" href=\"https:\/\/www.padelariumgava.com\/es\/quienes-somos\/\" \/>\n<meta property=\"og:locale\" content=\"es_ES\" \/>\n<meta property=\"og:type\" content=\"article\" \/>\n<meta property=\"og:title\" content=\"\u00bfQui\u00e9nes somos? - Paderarium\" \/>\n<meta property=\"og:description\" content=\"\u00bfQui\u00e9nes somos? Padelarium es un espacio gestionado por la empresa barcelonina CET10, dedicada desde hace m\u00e1s de 25 a\u00f1os a la promoci\u00f3n deportiva entre ni\u00f1os y j\u00f3venes y a la gesti\u00f3n de centros deportivos y de ocio, entre otros. En el a\u00f1o 2013 nace Padelarium, un club de p\u00e1del indoor donde todos los jugadores\/as pueden&hellip;\" \/>\n<meta property=\"og:url\" content=\"https:\/\/www.padelariumgava.com\/es\/quienes-somos\/\" \/>\n<meta property=\"og:site_name\" content=\"Paderarium\" \/>\n<meta property=\"article:publisher\" content=\"https:\/\/www.facebook.com\/padelariumgava\/\" \/>\n<meta property=\"article:modified_time\" content=\"2022-12-19T07:54:26+00:00\" \/>\n<meta property=\"og:image\" content=\"https:\/\/www.padelariumgava.com\/wp-content\/uploads\/sites\/42\/2022\/11\/padelarium-serveis-scaled.webp\" \/>\n<meta name=\"twitter:card\" content=\"summary_large_image\" \/>\n<meta name=\"twitter:label1\" content=\"Tiempo de lectura\" \/>\n\t<meta name=\"twitter:data1\" content=\"2 minutos\" \/>\n<script type=\"application\/ld+json\" class=\"yoast-schema-graph\">{\"@context\":\"https:\/\/schema.org\",\"@graph\":[{\"@type\":\"WebPage\",\"@id\":\"https:\/\/www.padelariumgava.com\/es\/quienes-somos\/\",\"url\":\"https:\/\/www.padelariumgava.com\/es\/quienes-somos\/\",\"name\":\"\u00bfQui\u00e9nes somos? - Paderarium\",\"isPartOf\":{\"@id\":\"https:\/\/www.padelariumgava.com\/es\/#website\"},\"primaryImageOfPage\":{\"@id\":\"https:\/\/www.padelariumgava.com\/es\/quienes-somos\/#primaryimage\"},\"image\":{\"@id\":\"https:\/\/www.padelariumgava.com\/es\/quienes-somos\/#primaryimage\"},\"thumbnailUrl\":\"https:\/\/www.padelariumgava.com\/wp-content\/uploads\/sites\/42\/2022\/11\/padelarium-serveis-scaled.webp\",\"datePublished\":\"2022-09-06T11:04:09+00:00\",\"dateModified\":\"2022-12-19T07:54:26+00:00\",\"inLanguage\":\"es\",\"potentialAction\":[{\"@type\":\"ReadAction\",\"target\":[\"https:\/\/www.padelariumgava.com\/es\/quienes-somos\/\"]}]},{\"@type\":\"ImageObject\",\"inLanguage\":\"es\",\"@id\":\"https:\/\/www.padelariumgava.com\/es\/quienes-somos\/#primaryimage\",\"url\":\"https:\/\/www.padelariumgava.com\/wp-content\/uploads\/sites\/42\/2022\/11\/padelarium-serveis-scaled.webp\",\"contentUrl\":\"https:\/\/www.padelariumgava.com\/wp-content\/uploads\/sites\/42\/2022\/11\/padelarium-serveis-scaled.webp\"},{\"@type\":\"WebSite\",\"@id\":\"https:\/\/www.padelariumgava.com\/es\/#website\",\"url\":\"https:\/\/www.padelariumgava.com\/es\/\",\"name\":\"Paderarium\",\"description\":\"Padelarium - P\u00e0del Indoor\",\"publisher\":{\"@id\":\"https:\/\/www.padelariumgava.com\/es\/#organization\"},\"potentialAction\":[{\"@type\":\"SearchAction\",\"target\":{\"@type\":\"EntryPoint\",\"urlTemplate\":\"https:\/\/www.padelariumgava.com\/es\/?s={search_term_string}\"},\"query-input\":{\"@type\":\"PropertyValueSpecification\",\"valueRequired\":true,\"valueName\":\"search_term_string\"}}],\"inLanguage\":\"es\"},{\"@type\":\"Organization\",\"@id\":\"https:\/\/www.padelariumgava.com\/es\/#organization\",\"name\":\"Club de P\u00e0del a Gav\u00e0 - Padelarium\",\"url\":\"https:\/\/www.padelariumgava.com\/es\/\",\"logo\":{\"@type\":\"ImageObject\",\"inLanguage\":\"es\",\"@id\":\"https:\/\/www.padelariumgava.com\/es\/#\/schema\/logo\/image\/\",\"url\":\"https:\/\/www.padelariumgava.com\/wp-content\/uploads\/sites\/42\/2022\/08\/padelarium-logo.jpg\",\"contentUrl\":\"https:\/\/www.padelariumgava.com\/wp-content\/uploads\/sites\/42\/2022\/08\/padelarium-logo.jpg\",\"width\":211,\"height\":76,\"caption\":\"Club de P\u00e0del a Gav\u00e0 - Padelarium\"},\"image\":{\"@id\":\"https:\/\/www.padelariumgava.com\/es\/#\/schema\/logo\/image\/\"},\"sameAs\":[\"https:\/\/www.facebook.com\/padelariumgava\/\",\"https:\/\/www.instagram.com\/padelarium\/\"]}]}<\/script>\n<!-- \/ Yoast SEO plugin. -->","yoast_head_json":{"title":"\u00bfQui\u00e9nes somos? - Paderarium","robots":{"index":"index","follow":"follow","max-snippet":"max-snippet:-1","max-image-preview":"max-image-preview:large","max-video-preview":"max-video-preview:-1"},"canonical":"https:\/\/www.padelariumgava.com\/es\/quienes-somos\/","og_locale":"es_ES","og_type":"article","og_title":"\u00bfQui\u00e9nes somos? - Paderarium","og_description":"\u00bfQui\u00e9nes somos? Padelarium es un espacio gestionado por la empresa barcelonina CET10, dedicada desde hace m\u00e1s de 25 a\u00f1os a la promoci\u00f3n deportiva entre ni\u00f1os y j\u00f3venes y a la gesti\u00f3n de centros deportivos y de ocio, entre otros. En el a\u00f1o 2013 nace Padelarium, un club de p\u00e1del indoor donde todos los jugadores\/as pueden&hellip;","og_url":"https:\/\/www.padelariumgava.com\/es\/quienes-somos\/","og_site_name":"Paderarium","article_publisher":"https:\/\/www.facebook.com\/padelariumgava\/","article_modified_time":"2022-12-19T07:54:26+00:00","og_image":[{"url":"https:\/\/www.padelariumgava.com\/wp-content\/uploads\/sites\/42\/2022\/11\/padelarium-serveis-scaled.webp","type":"","width":"","height":""}],"twitter_card":"summary_large_image","twitter_misc":{"Tiempo de lectura":"2 minutos"},"schema":{"@context":"https:\/\/schema.org","@graph":[{"@type":"WebPage","@id":"https:\/\/www.padelariumgava.com\/es\/quienes-somos\/","url":"https:\/\/www.padelariumgava.com\/es\/quienes-somos\/","name":"\u00bfQui\u00e9nes somos? - Paderarium","isPartOf":{"@id":"https:\/\/www.padelariumgava.com\/es\/#website"},"primaryImageOfPage":{"@id":"https:\/\/www.padelariumgava.com\/es\/quienes-somos\/#primaryimage"},"image":{"@id":"https:\/\/www.padelariumgava.com\/es\/quienes-somos\/#primaryimage"},"thumbnailUrl":"https:\/\/www.padelariumgava.com\/wp-content\/uploads\/sites\/42\/2022\/11\/padelarium-serveis-scaled.webp","datePublished":"2022-09-06T11:04:09+00:00","dateModified":"2022-12-19T07:54:26+00:00","inLanguage":"es","potentialAction":[{"@type":"ReadAction","target":["https:\/\/www.padelariumgava.com\/es\/quienes-somos\/"]}]},{"@type":"ImageObject","inLanguage":"es","@id":"https:\/\/www.padelariumgava.com\/es\/quienes-somos\/#primaryimage","url":"https:\/\/www.padelariumgava.com\/wp-content\/uploads\/sites\/42\/2022\/11\/padelarium-serveis-scaled.webp","contentUrl":"https:\/\/www.padelariumgava.com\/wp-content\/uploads\/sites\/42\/2022\/11\/padelarium-serveis-scaled.webp"},{"@type":"WebSite","@id":"https:\/\/www.padelariumgava.com\/es\/#website","url":"https:\/\/www.padelariumgava.com\/es\/","name":"Paderarium","description":"Padelarium - P\u00e0del Indoor","publisher":{"@id":"https:\/\/www.padelariumgava.com\/es\/#organization"},"potentialAction":[{"@type":"SearchAction","target":{"@type":"EntryPoint","urlTemplate":"https:\/\/www.padelariumgava.com\/es\/?s={search_term_string}"},"query-input":{"@type":"PropertyValueSpecification","valueRequired":true,"valueName":"search_term_string"}}],"inLanguage":"es"},{"@type":"Organization","@id":"https:\/\/www.padelariumgava.com\/es\/#organization","name":"Club de P\u00e0del a Gav\u00e0 - Padelarium","url":"https:\/\/www.padelariumgava.com\/es\/","logo":{"@type":"ImageObject","inLanguage":"es","@id":"https:\/\/www.padelariumgava.com\/es\/#\/schema\/logo\/image\/","url":"https:\/\/www.padelariumgava.com\/wp-content\/uploads\/sites\/42\/2022\/08\/padelarium-logo.jpg","contentUrl":"https:\/\/www.padelariumgava.com\/wp-content\/uploads\/sites\/42\/2022\/08\/padelarium-logo.jpg","width":211,"height":76,"caption":"Club de P\u00e0del a Gav\u00e0 - Padelarium"},"image":{"@id":"https:\/\/www.padelariumgava.com\/es\/#\/schema\/logo\/image\/"},"sameAs":["https:\/\/www.facebook.com\/padelariumgava\/","https:\/\/www.instagram.com\/padelarium\/"]}]}},"_links":{"self":[{"href":"https:\/\/www.padelariumgava.com\/es\/wp-json\/wp\/v2\/pages\/13713","targetHints":{"allow":["GET"]}}],"collection":[{"href":"https:\/\/www.padelariumgava.com\/es\/wp-json\/wp\/v2\/pages"}],"about":[{"href":"https:\/\/www.padelariumgava.com\/es\/wp-json\/wp\/v2\/types\/page"}],"author":[{"embeddable":true,"href":"https:\/\/www.padelariumgava.com\/es\/wp-json\/wp\/v2\/users\/67"}],"replies":[{"embeddable":true,"href":"https:\/\/www.padelariumgava.com\/es\/wp-json\/wp\/v2\/comments?post=13713"}],"version-history":[{"count":0,"href":"https:\/\/www.padelariumgava.com\/es\/wp-json\/wp\/v2\/pages\/13713\/revisions"}],"wp:attachment":[{"href":"https:\/\/www.padelariumgava.com\/es\/wp-json\/wp\/v2\/media?parent=13713"}],"curies":[{"name":"wp","href":"https:\/\/api.w.org\/{rel}","templated":true}]}}