{"id":13735,"date":"2022-09-06T12:06:03","date_gmt":"2022-09-06T11:06:03","guid":{"rendered":"https:\/\/www.padelariumgava.com\/mapa-lloc\/"},"modified":"2025-04-28T17:41:42","modified_gmt":"2025-04-28T16:41:42","slug":"mapa-sitio","status":"publish","type":"page","link":"https:\/\/www.padelariumgava.com\/es\/mapa-sitio\/","title":{"rendered":"Mapa sitio"},"content":{"rendered":"\t\t<div data-elementor-type=\"wp-page\" data-elementor-id=\"13735\" class=\"elementor elementor-13735 elementor-9554\" data-elementor-post-type=\"page\">\n\t\t\t\t\t\t<section class=\"elementor-section elementor-top-section elementor-element elementor-element-ea5a195 elementor-section-boxed elementor-section-height-default elementor-section-height-default\" data-id=\"ea5a195\" data-element_type=\"section\" data-e-type=\"section\">\n\t\t\t\t\t\t<div class=\"elementor-container elementor-column-gap-default\">\n\t\t\t\t\t<div class=\"elementor-column elementor-col-100 elementor-top-column elementor-element elementor-element-a3c5e97\" data-id=\"a3c5e97\" data-element_type=\"column\" data-e-type=\"column\">\n\t\t\t<div class=\"elementor-widget-wrap elementor-element-populated\">\n\t\t\t\t\t\t<div class=\"elementor-element elementor-element-db0a6a7 elementor-widget elementor-widget-heading\" data-id=\"db0a6a7\" data-element_type=\"widget\" data-e-type=\"widget\" data-widget_type=\"heading.default\">\n\t\t\t\t<div class=\"elementor-widget-container\">\n\t\t\t\t\t<h2 class=\"elementor-heading-title elementor-size-default\">Mapa del sitio<\/h2>\t\t\t\t<\/div>\n\t\t\t\t<\/div>\n\t\t\t\t<div class=\"elementor-element elementor-element-7c68121 elementor-widget-divider--view-line elementor-widget elementor-widget-divider\" data-id=\"7c68121\" data-element_type=\"widget\" data-e-type=\"widget\" data-widget_type=\"divider.default\">\n\t\t\t\t<div class=\"elementor-widget-container\">\n\t\t\t\t\t\t\t<div class=\"elementor-divider\">\n\t\t\t<span class=\"elementor-divider-separator\">\n\t\t\t\t\t\t<\/span>\n\t\t<\/div>\n\t\t\t\t\t\t<\/div>\n\t\t\t\t<\/div>\n\t\t\t\t\t<\/div>\n\t\t<\/div>\n\t\t\t\t\t<\/div>\n\t\t<\/section>\n\t\t\t\t<section class=\"elementor-section elementor-top-section elementor-element elementor-element-a729552 elementor-section-boxed elementor-section-height-default elementor-section-height-default\" data-id=\"a729552\" data-element_type=\"section\" data-e-type=\"section\" data-settings=\"{&quot;background_background&quot;:&quot;classic&quot;}\">\n\t\t\t\t\t\t<div class=\"elementor-container elementor-column-gap-default\">\n\t\t\t\t\t<div class=\"elementor-column elementor-col-33 elementor-top-column elementor-element elementor-element-5d18a90\" data-id=\"5d18a90\" data-element_type=\"column\" data-e-type=\"column\">\n\t\t\t<div class=\"elementor-widget-wrap elementor-element-populated\">\n\t\t\t\t\t\t<div class=\"elementor-element elementor-element-c4b89b4 elementor-widget elementor-widget-text-editor\" data-id=\"c4b89b4\" data-element_type=\"widget\" data-e-type=\"widget\" data-widget_type=\"text-editor.default\">\n\t\t\t\t<div class=\"elementor-widget-container\">\n\t\t\t\t\t\t\t\t\t<p><a href=\"https:\/\/www.padelariumgava.com\/es\/pista-de-padel\/\">Con\u00f3cenos<\/a><\/p><p><a href=\"https:\/\/www.padelariumgava.com\/es\/reserva-de-pista\/\">Reserva de pista<\/a><\/p><p><span style=\"color: #000000\"><a href=\"https:\/\/www.padelariumgava.com\/es\/niveles-de-padel\/\">Niveles de p\u00e1del<\/a><\/span><\/p><p><span style=\"color: #000000\"><a href=\"https:\/\/www.padelariumgava.com\/es\/ranking-play\/\">Partidas abiertas<\/a><\/span><\/p><p><span style=\"color: #000000\"><a href=\"https:\/\/www.padelariumgava.com\/es\/extraescolares\/\">Escuela de p\u00e1del de menores<\/a><\/span><\/p><p><span style=\"color: #000000\"><a href=\"https:\/\/www.padelariumgava.com\/es\/clases-de-padel\/\">Escuela de p\u00e1del de adultos<\/a><\/span><\/p><p><span style=\"color: #000000\"><a href=\"https:\/\/www.padelariumgava.com\/es\/clases-particulares\/\">Clases particulares<\/a><\/span><\/p>\t\t\t\t\t\t\t\t<\/div>\n\t\t\t\t<\/div>\n\t\t\t\t\t<\/div>\n\t\t<\/div>\n\t\t\t\t<div class=\"elementor-column elementor-col-33 elementor-top-column elementor-element elementor-element-8ae84d7\" data-id=\"8ae84d7\" data-element_type=\"column\" data-e-type=\"column\">\n\t\t\t<div class=\"elementor-widget-wrap elementor-element-populated\">\n\t\t\t\t\t\t<div class=\"elementor-element elementor-element-42d82a7 elementor-widget elementor-widget-text-editor\" data-id=\"42d82a7\" data-element_type=\"widget\" data-e-type=\"widget\" data-widget_type=\"text-editor.default\">\n\t\t\t\t<div class=\"elementor-widget-container\">\n\t\t\t\t\t\t\t\t\t<p><a href=\"https:\/\/www.padelariumgava.com\/es\/padel-adaptado\/\">P\u00e1del adaptado<\/a><\/p><p><a href=\"https:\/\/www.padelariumgava.com\/es\/pala-de-padel\/\">Escuela de competici\u00f3n adultos<\/a><\/p><p><a href=\"https:\/\/www.padelariumgava.com\/es\/tienda-padel\/\">Tienda<\/a><\/p><p><a href=\"https:\/\/www.padelariumgava.com\/es\/entrenador-personal\/\">The Monkeys Castelldefels<\/a><\/p><p><a href=\"https:\/\/www.padelariumgava.com\/es\/restaurantes-en-gava\/\">Cafeter\u00eda y restaurante<\/a><\/p><p><a href=\"https:\/\/www.padelariumgava.com\/es\/area-de-clientes\/\">\u00c1rea de clientes<\/a><\/p><p><a href=\"https:\/\/www.padelariumgava.com\/es\/contacto\/\">Contacto<\/a><\/p>\t\t\t\t\t\t\t\t<\/div>\n\t\t\t\t<\/div>\n\t\t\t\t\t<\/div>\n\t\t<\/div>\n\t\t\t\t<div class=\"elementor-column elementor-col-33 elementor-top-column elementor-element elementor-element-433386c\" data-id=\"433386c\" data-element_type=\"column\" data-e-type=\"column\">\n\t\t\t<div class=\"elementor-widget-wrap elementor-element-populated\">\n\t\t\t\t\t\t<div class=\"elementor-element elementor-element-8a17215 elementor-widget elementor-widget-text-editor\" data-id=\"8a17215\" data-element_type=\"widget\" data-e-type=\"widget\" data-widget_type=\"text-editor.default\">\n\t\t\t\t<div class=\"elementor-widget-container\">\n\t\t\t\t\t\t\t\t\t<p><a href=\"https:\/\/www.padelariumgava.com\/es\/quienes-somos\/\">\u00bfQui\u00e9nes somos?\u00a0<\/a><\/p><p><a href=\"https:\/\/www.padelariumgava.com\/es\/\">Inicio<\/a><\/p><p><a href=\"https:\/\/www.padelariumgava.com\/es\/politica-de-privacidad\/\">Pol\u00edtica de privacidad<\/a><\/p><p><a href=\"https:\/\/www.padelariumgava.com\/es\/politica-de-cookies\/\">Pol\u00edtica de cookies<\/a><\/p><p><a href=\"https:\/\/www.padelariumgava.com\/politica-de-vendes-i-devolucions\/\">Pol\u00edtica de ventas y devoluciones<\/a><\/p><p><a href=\"https:\/\/www.padelariumgava.com\/es\/aviso-legal\/\">Aviso legal<\/a><\/p>\t\t\t\t\t\t\t\t<\/div>\n\t\t\t\t<\/div>\n\t\t\t\t\t<\/div>\n\t\t<\/div>\n\t\t\t\t\t<\/div>\n\t\t<\/section>\n\t\t\t\t<\/div>\n\t\t","protected":false},"excerpt":{"rendered":"<p>Mapa del sitio Con\u00f3cenos Reserva de pista Niveles de p\u00e1del Partidas abiertas Escuela de p\u00e1del de menores Escuela de p\u00e1del de adultos Clases particulares P\u00e1del adaptado Escuela de competici\u00f3n adultos Tienda The Monkeys Castelldefels Cafeter\u00eda y restaurante \u00c1rea de clientes Contacto \u00bfQui\u00e9nes somos?\u00a0 Inicio Pol\u00edtica de privacidad Pol\u00edtica de cookies Pol\u00edtica de ventas y devoluciones&hellip;<\/p>\n","protected":false},"author":67,"featured_media":0,"parent":0,"menu_order":0,"comment_status":"closed","ping_status":"closed","template":"","meta":{"footnotes":""},"class_list":["post-13735","page","type-page","status-publish","hentry"],"yoast_head":"<!-- This site is optimized with the Yoast SEO plugin v26.8 - https:\/\/yoast.com\/product\/yoast-seo-wordpress\/ -->\n<title>Mapa sitio - Padelarium<\/title>\n<meta name=\"description\" content=\"Mapa del sitio web de Padelarium. Todas las p\u00e1ginas las encontrar\u00e1s aqu\u00ed.\" \/>\n<meta name=\"robots\" content=\"index, follow, max-snippet:-1, max-image-preview:large, max-video-preview:-1\" \/>\n<link rel=\"canonical\" href=\"https:\/\/www.padelariumgava.com\/es\/mapa-sitio\/\" \/>\n<meta property=\"og:locale\" content=\"es_ES\" \/>\n<meta property=\"og:type\" content=\"article\" \/>\n<meta property=\"og:title\" content=\"Mapa sitio - Padelarium\" \/>\n<meta property=\"og:description\" content=\"Mapa del sitio web de Padelarium. Todas las p\u00e1ginas las encontrar\u00e1s aqu\u00ed.\" \/>\n<meta property=\"og:url\" content=\"https:\/\/www.padelariumgava.com\/es\/mapa-sitio\/\" \/>\n<meta property=\"og:site_name\" content=\"Paderarium\" \/>\n<meta property=\"article:publisher\" content=\"https:\/\/www.facebook.com\/padelariumgava\/\" \/>\n<meta property=\"article:modified_time\" content=\"2025-04-28T16:41:42+00:00\" \/>\n<meta name=\"twitter:card\" content=\"summary_large_image\" \/>\n<meta name=\"twitter:label1\" content=\"Tiempo de lectura\" \/>\n\t<meta name=\"twitter:data1\" content=\"1 minuto\" \/>\n<script type=\"application\/ld+json\" class=\"yoast-schema-graph\">{\"@context\":\"https:\/\/schema.org\",\"@graph\":[{\"@type\":\"WebPage\",\"@id\":\"https:\/\/www.padelariumgava.com\/es\/mapa-sitio\/\",\"url\":\"https:\/\/www.padelariumgava.com\/es\/mapa-sitio\/\",\"name\":\"Mapa sitio - Padelarium\",\"isPartOf\":{\"@id\":\"https:\/\/www.padelariumgava.com\/es\/#website\"},\"datePublished\":\"2022-09-06T11:06:03+00:00\",\"dateModified\":\"2025-04-28T16:41:42+00:00\",\"description\":\"Mapa del sitio web de Padelarium. Todas las p\u00e1ginas las encontrar\u00e1s aqu\u00ed.\",\"inLanguage\":\"es\",\"potentialAction\":[{\"@type\":\"ReadAction\",\"target\":[\"https:\/\/www.padelariumgava.com\/es\/mapa-sitio\/\"]}]},{\"@type\":\"WebSite\",\"@id\":\"https:\/\/www.padelariumgava.com\/es\/#website\",\"url\":\"https:\/\/www.padelariumgava.com\/es\/\",\"name\":\"Paderarium\",\"description\":\"Padelarium - P\u00e0del Indoor\",\"publisher\":{\"@id\":\"https:\/\/www.padelariumgava.com\/es\/#organization\"},\"potentialAction\":[{\"@type\":\"SearchAction\",\"target\":{\"@type\":\"EntryPoint\",\"urlTemplate\":\"https:\/\/www.padelariumgava.com\/es\/?s={search_term_string}\"},\"query-input\":{\"@type\":\"PropertyValueSpecification\",\"valueRequired\":true,\"valueName\":\"search_term_string\"}}],\"inLanguage\":\"es\"},{\"@type\":\"Organization\",\"@id\":\"https:\/\/www.padelariumgava.com\/es\/#organization\",\"name\":\"Club de P\u00e0del a Gav\u00e0 - Padelarium\",\"url\":\"https:\/\/www.padelariumgava.com\/es\/\",\"logo\":{\"@type\":\"ImageObject\",\"inLanguage\":\"es\",\"@id\":\"https:\/\/www.padelariumgava.com\/es\/#\/schema\/logo\/image\/\",\"url\":\"https:\/\/www.padelariumgava.com\/wp-content\/uploads\/sites\/42\/2022\/08\/padelarium-logo.jpg\",\"contentUrl\":\"https:\/\/www.padelariumgava.com\/wp-content\/uploads\/sites\/42\/2022\/08\/padelarium-logo.jpg\",\"width\":211,\"height\":76,\"caption\":\"Club de P\u00e0del a Gav\u00e0 - Padelarium\"},\"image\":{\"@id\":\"https:\/\/www.padelariumgava.com\/es\/#\/schema\/logo\/image\/\"},\"sameAs\":[\"https:\/\/www.facebook.com\/padelariumgava\/\",\"https:\/\/www.instagram.com\/padelarium\/\"]}]}<\/script>\n<!-- \/ Yoast SEO plugin. -->","yoast_head_json":{"title":"Mapa sitio - Padelarium","description":"Mapa del sitio web de Padelarium. Todas las p\u00e1ginas las encontrar\u00e1s aqu\u00ed.","robots":{"index":"index","follow":"follow","max-snippet":"max-snippet:-1","max-image-preview":"max-image-preview:large","max-video-preview":"max-video-preview:-1"},"canonical":"https:\/\/www.padelariumgava.com\/es\/mapa-sitio\/","og_locale":"es_ES","og_type":"article","og_title":"Mapa sitio - Padelarium","og_description":"Mapa del sitio web de Padelarium. Todas las p\u00e1ginas las encontrar\u00e1s aqu\u00ed.","og_url":"https:\/\/www.padelariumgava.com\/es\/mapa-sitio\/","og_site_name":"Paderarium","article_publisher":"https:\/\/www.facebook.com\/padelariumgava\/","article_modified_time":"2025-04-28T16:41:42+00:00","twitter_card":"summary_large_image","twitter_misc":{"Tiempo de lectura":"1 minuto"},"schema":{"@context":"https:\/\/schema.org","@graph":[{"@type":"WebPage","@id":"https:\/\/www.padelariumgava.com\/es\/mapa-sitio\/","url":"https:\/\/www.padelariumgava.com\/es\/mapa-sitio\/","name":"Mapa sitio - Padelarium","isPartOf":{"@id":"https:\/\/www.padelariumgava.com\/es\/#website"},"datePublished":"2022-09-06T11:06:03+00:00","dateModified":"2025-04-28T16:41:42+00:00","description":"Mapa del sitio web de Padelarium. Todas las p\u00e1ginas las encontrar\u00e1s aqu\u00ed.","inLanguage":"es","potentialAction":[{"@type":"ReadAction","target":["https:\/\/www.padelariumgava.com\/es\/mapa-sitio\/"]}]},{"@type":"WebSite","@id":"https:\/\/www.padelariumgava.com\/es\/#website","url":"https:\/\/www.padelariumgava.com\/es\/","name":"Paderarium","description":"Padelarium - P\u00e0del Indoor","publisher":{"@id":"https:\/\/www.padelariumgava.com\/es\/#organization"},"potentialAction":[{"@type":"SearchAction","target":{"@type":"EntryPoint","urlTemplate":"https:\/\/www.padelariumgava.com\/es\/?s={search_term_string}"},"query-input":{"@type":"PropertyValueSpecification","valueRequired":true,"valueName":"search_term_string"}}],"inLanguage":"es"},{"@type":"Organization","@id":"https:\/\/www.padelariumgava.com\/es\/#organization","name":"Club de P\u00e0del a Gav\u00e0 - Padelarium","url":"https:\/\/www.padelariumgava.com\/es\/","logo":{"@type":"ImageObject","inLanguage":"es","@id":"https:\/\/www.padelariumgava.com\/es\/#\/schema\/logo\/image\/","url":"https:\/\/www.padelariumgava.com\/wp-content\/uploads\/sites\/42\/2022\/08\/padelarium-logo.jpg","contentUrl":"https:\/\/www.padelariumgava.com\/wp-content\/uploads\/sites\/42\/2022\/08\/padelarium-logo.jpg","width":211,"height":76,"caption":"Club de P\u00e0del a Gav\u00e0 - Padelarium"},"image":{"@id":"https:\/\/www.padelariumgava.com\/es\/#\/schema\/logo\/image\/"},"sameAs":["https:\/\/www.facebook.com\/padelariumgava\/","https:\/\/www.instagram.com\/padelarium\/"]}]}},"_links":{"self":[{"href":"https:\/\/www.padelariumgava.com\/es\/wp-json\/wp\/v2\/pages\/13735","targetHints":{"allow":["GET"]}}],"collection":[{"href":"https:\/\/www.padelariumgava.com\/es\/wp-json\/wp\/v2\/pages"}],"about":[{"href":"https:\/\/www.padelariumgava.com\/es\/wp-json\/wp\/v2\/types\/page"}],"author":[{"embeddable":true,"href":"https:\/\/www.padelariumgava.com\/es\/wp-json\/wp\/v2\/users\/67"}],"replies":[{"embeddable":true,"href":"https:\/\/www.padelariumgava.com\/es\/wp-json\/wp\/v2\/comments?post=13735"}],"version-history":[{"count":0,"href":"https:\/\/www.padelariumgava.com\/es\/wp-json\/wp\/v2\/pages\/13735\/revisions"}],"wp:attachment":[{"href":"https:\/\/www.padelariumgava.com\/es\/wp-json\/wp\/v2\/media?parent=13735"}],"curies":[{"name":"wp","href":"https:\/\/api.w.org\/{rel}","templated":true}]}}