{"id":15122,"date":"2023-02-03T12:13:42","date_gmt":"2023-02-03T11:13:42","guid":{"rendered":"https:\/\/www.padelariumgava.com\/normativa-reserves\/"},"modified":"2024-12-16T12:31:01","modified_gmt":"2024-12-16T11:31:01","slug":"normativa-reserva-pista","status":"publish","type":"page","link":"https:\/\/www.padelariumgava.com\/es\/normativa-reserva-pista\/","title":{"rendered":"Normativa Reserva de Pista"},"content":{"rendered":"\t\t<div data-elementor-type=\"wp-page\" data-elementor-id=\"15122\" class=\"elementor elementor-15122 elementor-123068\" data-elementor-post-type=\"page\">\n\t\t\t\t\t\t<section class=\"elementor-section elementor-top-section elementor-element elementor-element-5dad2ed6 elementor-section-boxed elementor-section-height-default elementor-section-height-default\" data-id=\"5dad2ed6\" data-element_type=\"section\" data-e-type=\"section\">\n\t\t\t\t\t\t<div class=\"elementor-container elementor-column-gap-default\">\n\t\t\t\t\t<div class=\"elementor-column elementor-col-100 elementor-top-column elementor-element elementor-element-4c927825\" data-id=\"4c927825\" data-element_type=\"column\" data-e-type=\"column\">\n\t\t\t<div class=\"elementor-widget-wrap elementor-element-populated\">\n\t\t\t\t\t\t<div class=\"elementor-element elementor-element-7f132f5 elementor-widget elementor-widget-heading\" data-id=\"7f132f5\" data-element_type=\"widget\" data-e-type=\"widget\" data-widget_type=\"heading.default\">\n\t\t\t\t<div class=\"elementor-widget-container\">\n\t\t\t\t\t<h1 class=\"elementor-heading-title elementor-size-default\">Normativa reserva de pista<\/h1>\t\t\t\t<\/div>\n\t\t\t\t<\/div>\n\t\t\t\t<div class=\"elementor-element elementor-element-ea8be31 elementor-align-start elementor-icon-list--layout-traditional elementor-list-item-link-full_width elementor-widget elementor-widget-icon-list\" data-id=\"ea8be31\" data-element_type=\"widget\" data-e-type=\"widget\" data-widget_type=\"icon-list.default\">\n\t\t\t\t<div class=\"elementor-widget-container\">\n\t\t\t\t\t\t\t<ul class=\"elementor-icon-list-items\">\n\t\t\t\t\t\t\t<li class=\"elementor-icon-list-item\">\n\t\t\t\t\t\t\t\t\t\t\t<span class=\"elementor-icon-list-icon\">\n\t\t\t\t\t\t\t<i aria-hidden=\"true\" class=\"fas fa-check\"><\/i>\t\t\t\t\t\t<\/span>\n\t\t\t\t\t\t\t\t\t\t<span class=\"elementor-icon-list-text\">La reserva se puede hacer con m\u00e1ximo 7 d\u00edas de antelaci\u00f3n.<\/span>\n\t\t\t\t\t\t\t\t\t<\/li>\n\t\t\t\t\t\t\t\t<li class=\"elementor-icon-list-item\">\n\t\t\t\t\t\t\t\t\t\t\t<span class=\"elementor-icon-list-icon\">\n\t\t\t\t\t\t\t<i aria-hidden=\"true\" class=\"fas fa-check\"><\/i>\t\t\t\t\t\t<\/span>\n\t\t\t\t\t\t\t\t\t\t<span class=\"elementor-icon-list-text\">No se permitir\u00e1 tener m\u00e1s de 3 reservas activas a la vez.<\/span>\n\t\t\t\t\t\t\t\t\t<\/li>\n\t\t\t\t\t\t\t\t<li class=\"elementor-icon-list-item\">\n\t\t\t\t\t\t\t\t\t\t\t<span class=\"elementor-icon-list-icon\">\n\t\t\t\t\t\t\t<i aria-hidden=\"true\" class=\"fas fa-check\"><\/i>\t\t\t\t\t\t<\/span>\n\t\t\t\t\t\t\t\t\t\t<span class=\"elementor-icon-list-text\">Para formalizar la reserva se tendr\u00e1 que abonar la pista en el momento de confirmarla (excepto en el caso de los abonados\/das que la tienen incluida en su cuota).<\/span>\n\t\t\t\t\t\t\t\t\t<\/li>\n\t\t\t\t\t\t\t\t<li class=\"elementor-icon-list-item\">\n\t\t\t\t\t\t\t\t\t\t\t<span class=\"elementor-icon-list-icon\">\n\t\t\t\t\t\t\t<i aria-hidden=\"true\" class=\"fas fa-check\"><\/i>\t\t\t\t\t\t<\/span>\n\t\t\t\t\t\t\t\t\t\t<span class=\"elementor-icon-list-text\">Se tendr\u00e1 que confirmar la asistencia de los 4 jugadores antes de hacer uso de la reserva.<\/span>\n\t\t\t\t\t\t\t\t\t<\/li>\n\t\t\t\t\t\t\t\t<li class=\"elementor-icon-list-item\">\n\t\t\t\t\t\t\t\t\t\t\t<span class=\"elementor-icon-list-icon\">\n\t\t\t\t\t\t\t<i aria-hidden=\"true\" class=\"fas fa-check\"><\/i>\t\t\t\t\t\t<\/span>\n\t\t\t\t\t\t\t\t\t\t<span class=\"elementor-icon-list-text\">Llegar tarde a la hora de inicio de la reserva no da derecho a finalizarla m\u00e1s tarde. El juego se limitar\u00e1 al  tiempo reservado.<\/span>\n\t\t\t\t\t\t\t\t\t<\/li>\n\t\t\t\t\t\t\t\t<li class=\"elementor-icon-list-item\">\n\t\t\t\t\t\t\t\t\t\t\t<span class=\"elementor-icon-list-icon\">\n\t\t\t\t\t\t\t<i aria-hidden=\"true\" class=\"fas fa-check\"><\/i>\t\t\t\t\t\t<\/span>\n\t\t\t\t\t\t\t\t\t\t<span class=\"elementor-icon-list-text\">Es obligatorio acceder a las pistas con ropa y calzado deportivo y con el material espec\u00edfico para la pr\u00e1ctica del p\u00e1del. <\/span>\n\t\t\t\t\t\t\t\t\t<\/li>\n\t\t\t\t\t\t\t\t<li class=\"elementor-icon-list-item\">\n\t\t\t\t\t\t\t\t\t\t\t<span class=\"elementor-icon-list-icon\">\n\t\t\t\t\t\t\t<i aria-hidden=\"true\" class=\"fas fa-check\"><\/i>\t\t\t\t\t\t<\/span>\n\t\t\t\t\t\t\t\t\t\t<span class=\"elementor-icon-list-text\">No se permitir\u00e1 ning\u00fan jugador\/a sin camiseta o con ropa y\/o calzado inadecuado.<\/span>\n\t\t\t\t\t\t\t\t\t<\/li>\n\t\t\t\t\t\t\t\t<li class=\"elementor-icon-list-item\">\n\t\t\t\t\t\t\t\t\t\t\t<span class=\"elementor-icon-list-icon\">\n\t\t\t\t\t\t\t<i aria-hidden=\"true\" class=\"fas fa-check\"><\/i>\t\t\t\t\t\t<\/span>\n\t\t\t\t\t\t\t\t\t\t<span class=\"elementor-icon-list-text\">La organizaci\u00f3n se reserva el derecho de modificar la pista reservada para una mejor organizaci\u00f3n y gesti\u00f3n de reservas. En el caso de no disfrutar de todo el tiempo reservado y no avisar con un m\u00ednimo de 6 h de antelaci\u00f3n, se aplicar\u00e1 el criterio de anulaciones de reservas indicado m\u00e1s abajo.<\/span>\n\t\t\t\t\t\t\t\t\t<\/li>\n\t\t\t\t\t\t\t\t<li class=\"elementor-icon-list-item\">\n\t\t\t\t\t\t\t\t\t\t\t<span class=\"elementor-icon-list-icon\">\n\t\t\t\t\t\t\t<i aria-hidden=\"true\" class=\"fas fa-check\"><\/i>\t\t\t\t\t\t<\/span>\n\t\t\t\t\t\t\t\t\t\t<span class=\"elementor-icon-list-text\">La direcci\u00f3n de la instalaci\u00f3n determinar\u00e1 si el estado de las pistas es el id\u00f3neo para la pr\u00e1ctica deportiva.<\/span>\n\t\t\t\t\t\t\t\t\t<\/li>\n\t\t\t\t\t\t\t\t<li class=\"elementor-icon-list-item\">\n\t\t\t\t\t\t\t\t\t\t\t<span class=\"elementor-icon-list-icon\">\n\t\t\t\t\t\t\t<i aria-hidden=\"true\" class=\"fas fa-check\"><\/i>\t\t\t\t\t\t<\/span>\n\t\t\t\t\t\t\t\t\t\t<span class=\"elementor-icon-list-text\">Para realizar una reserva de pista, har\u00e1 falta que el\/la titular se d\u00e9 de alta en la app de <b><a href=\"https:\/\/playtomic.io\/\" style=\"font-family: var( --e-global-typography-text-font-family ), Sans-serif;letter-spacing: var(--the7-base-letter-spacing);text-transform: var(--the7-base-text-transform)\">Playtomic<\/a> <\/b>y que preferiblemente tambi\u00e9n est\u00e9n el resto de jugadores\/as.<\/span>\n\t\t\t\t\t\t\t\t\t<\/li>\n\t\t\t\t\t\t<\/ul>\n\t\t\t\t\t\t<\/div>\n\t\t\t\t<\/div>\n\t\t\t\t<div class=\"elementor-element elementor-element-17cf18af elementor-widget elementor-widget-text-editor\" data-id=\"17cf18af\" data-element_type=\"widget\" data-e-type=\"widget\" data-widget_type=\"text-editor.default\">\n\t\t\t\t<div class=\"elementor-widget-container\">\n\t\t\t\t\t\t\t\t\t<p><a href=\"https:\/\/playtomic.io\/wl\/7d253ad8-29a0-4e62-9bc5-a9a1959489d4?q=PADEL~2023-08-22~~~\"><strong>R<\/strong><b>eg\u00edstrate\u00a0ahora<\/b><\/a> \u00a1y disfruta!<\/p>\t\t\t\t\t\t\t\t<\/div>\n\t\t\t\t<\/div>\n\t\t\t\t<div class=\"elementor-element elementor-element-245bde8 elementor-widget elementor-widget-heading\" data-id=\"245bde8\" data-element_type=\"widget\" data-e-type=\"widget\" data-widget_type=\"heading.default\">\n\t\t\t\t<div class=\"elementor-widget-container\">\n\t\t\t\t\t<h2 class=\"elementor-heading-title elementor-size-default\">Pol\u00edtica de anulaci\u00f3n de reservas<\/h2>\t\t\t\t<\/div>\n\t\t\t\t<\/div>\n\t\t\t\t<div class=\"elementor-element elementor-element-d561243 elementor-widget elementor-widget-text-editor\" data-id=\"d561243\" data-element_type=\"widget\" data-e-type=\"widget\" data-widget_type=\"text-editor.default\">\n\t\t\t\t<div class=\"elementor-widget-container\">\n\t\t\t\t\t\t\t\t\t<div>\n<p><span style=\"color: var( --e-global-color-text ); font-family: var( --e-global-typography-text-font-family ), Sans-serif; font-weight: var( --e-global-typography-text-font-weight ); letter-spacing: var(--the7-base-letter-spacing); text-transform: var(--the7-base-text-transform); word-spacing: normal;\">Si la anulaci\u00f3n se hace con menos de 6 h de antelaci\u00f3n, se tendr\u00e1 que abonar la pista. Esta medida se aplicar\u00e1 a todos\/as los\/as miembros de la reserva, o bien, en caso de que no est\u00e9n dados de alta todos, al titular de la reserva.<br><\/span><\/p>\n<\/div>\t\t\t\t\t\t\t\t<\/div>\n\t\t\t\t<\/div>\n\t\t\t\t\t<\/div>\n\t\t<\/div>\n\t\t\t\t\t<\/div>\n\t\t<\/section>\n\t\t\t\t<\/div>\n\t\t","protected":false},"excerpt":{"rendered":"<p>Normativa reserva de pista La reserva se puede hacer con m\u00e1ximo 7 d\u00edas de antelaci\u00f3n. No se permitir\u00e1 tener m\u00e1s de 3 reservas activas a la vez. Para formalizar la reserva se tendr\u00e1 que abonar la pista en el momento de confirmarla (excepto en el caso de los abonados\/das que la tienen incluida en su&hellip;<\/p>\n","protected":false},"author":67,"featured_media":0,"parent":0,"menu_order":0,"comment_status":"closed","ping_status":"closed","template":"","meta":{"footnotes":""},"class_list":["post-15122","page","type-page","status-publish","hentry"],"yoast_head":"<!-- This site is optimized with the Yoast SEO plugin v26.8 - https:\/\/yoast.com\/product\/yoast-seo-wordpress\/ -->\n<title>Normativa Reserva de Pista - Paderarium<\/title>\n<meta name=\"description\" content=\"CET10 informa a trav\u00e9s de la Normativa de reserva de pista todos los aspectos a tener en cuenta para el buen funcionamiento del centro.\" \/>\n<meta name=\"robots\" content=\"noindex, nofollow\" \/>\n<meta property=\"og:locale\" content=\"es_ES\" \/>\n<meta property=\"og:type\" content=\"article\" \/>\n<meta property=\"og:title\" content=\"Normativa Reserva de Pista - Paderarium\" \/>\n<meta property=\"og:description\" content=\"CET10 informa a trav\u00e9s de la Normativa de reserva de pista todos los aspectos a tener en cuenta para el buen funcionamiento del centro.\" \/>\n<meta property=\"og:url\" content=\"https:\/\/www.padelariumgava.com\/es\/normativa-reserva-pista\/\" \/>\n<meta property=\"og:site_name\" content=\"Paderarium\" \/>\n<meta property=\"article:publisher\" content=\"https:\/\/www.facebook.com\/padelariumgava\/\" \/>\n<meta property=\"article:modified_time\" content=\"2024-12-16T11:31:01+00:00\" \/>\n<meta name=\"twitter:card\" content=\"summary_large_image\" \/>\n<meta name=\"twitter:label1\" content=\"Tiempo de lectura\" \/>\n\t<meta name=\"twitter:data1\" content=\"2 minutos\" \/>\n<script type=\"application\/ld+json\" class=\"yoast-schema-graph\">{\"@context\":\"https:\/\/schema.org\",\"@graph\":[{\"@type\":\"WebPage\",\"@id\":\"https:\/\/www.padelariumgava.com\/es\/normativa-reserva-pista\/\",\"url\":\"https:\/\/www.padelariumgava.com\/es\/normativa-reserva-pista\/\",\"name\":\"Normativa Reserva de Pista - Paderarium\",\"isPartOf\":{\"@id\":\"https:\/\/www.padelariumgava.com\/es\/#website\"},\"datePublished\":\"2023-02-03T11:13:42+00:00\",\"dateModified\":\"2024-12-16T11:31:01+00:00\",\"description\":\"CET10 informa a trav\u00e9s de la Normativa de reserva de pista todos los aspectos a tener en cuenta para el buen funcionamiento del centro.\",\"inLanguage\":\"es\",\"potentialAction\":[{\"@type\":\"ReadAction\",\"target\":[\"https:\/\/www.padelariumgava.com\/es\/normativa-reserva-pista\/\"]}]},{\"@type\":\"WebSite\",\"@id\":\"https:\/\/www.padelariumgava.com\/es\/#website\",\"url\":\"https:\/\/www.padelariumgava.com\/es\/\",\"name\":\"Paderarium\",\"description\":\"Padelarium - P\u00e0del Indoor\",\"publisher\":{\"@id\":\"https:\/\/www.padelariumgava.com\/es\/#organization\"},\"potentialAction\":[{\"@type\":\"SearchAction\",\"target\":{\"@type\":\"EntryPoint\",\"urlTemplate\":\"https:\/\/www.padelariumgava.com\/es\/?s={search_term_string}\"},\"query-input\":{\"@type\":\"PropertyValueSpecification\",\"valueRequired\":true,\"valueName\":\"search_term_string\"}}],\"inLanguage\":\"es\"},{\"@type\":\"Organization\",\"@id\":\"https:\/\/www.padelariumgava.com\/es\/#organization\",\"name\":\"Club de P\u00e0del a Gav\u00e0 - Padelarium\",\"url\":\"https:\/\/www.padelariumgava.com\/es\/\",\"logo\":{\"@type\":\"ImageObject\",\"inLanguage\":\"es\",\"@id\":\"https:\/\/www.padelariumgava.com\/es\/#\/schema\/logo\/image\/\",\"url\":\"https:\/\/www.padelariumgava.com\/wp-content\/uploads\/sites\/42\/2022\/08\/padelarium-logo.jpg\",\"contentUrl\":\"https:\/\/www.padelariumgava.com\/wp-content\/uploads\/sites\/42\/2022\/08\/padelarium-logo.jpg\",\"width\":211,\"height\":76,\"caption\":\"Club de P\u00e0del a Gav\u00e0 - Padelarium\"},\"image\":{\"@id\":\"https:\/\/www.padelariumgava.com\/es\/#\/schema\/logo\/image\/\"},\"sameAs\":[\"https:\/\/www.facebook.com\/padelariumgava\/\",\"https:\/\/www.instagram.com\/padelarium\/\"]}]}<\/script>\n<!-- \/ Yoast SEO plugin. -->","yoast_head_json":{"title":"Normativa Reserva de Pista - Paderarium","description":"CET10 informa a trav\u00e9s de la Normativa de reserva de pista todos los aspectos a tener en cuenta para el buen funcionamiento del centro.","robots":{"index":"noindex","follow":"nofollow"},"og_locale":"es_ES","og_type":"article","og_title":"Normativa Reserva de Pista - Paderarium","og_description":"CET10 informa a trav\u00e9s de la Normativa de reserva de pista todos los aspectos a tener en cuenta para el buen funcionamiento del centro.","og_url":"https:\/\/www.padelariumgava.com\/es\/normativa-reserva-pista\/","og_site_name":"Paderarium","article_publisher":"https:\/\/www.facebook.com\/padelariumgava\/","article_modified_time":"2024-12-16T11:31:01+00:00","twitter_card":"summary_large_image","twitter_misc":{"Tiempo de lectura":"2 minutos"},"schema":{"@context":"https:\/\/schema.org","@graph":[{"@type":"WebPage","@id":"https:\/\/www.padelariumgava.com\/es\/normativa-reserva-pista\/","url":"https:\/\/www.padelariumgava.com\/es\/normativa-reserva-pista\/","name":"Normativa Reserva de Pista - Paderarium","isPartOf":{"@id":"https:\/\/www.padelariumgava.com\/es\/#website"},"datePublished":"2023-02-03T11:13:42+00:00","dateModified":"2024-12-16T11:31:01+00:00","description":"CET10 informa a trav\u00e9s de la Normativa de reserva de pista todos los aspectos a tener en cuenta para el buen funcionamiento del centro.","inLanguage":"es","potentialAction":[{"@type":"ReadAction","target":["https:\/\/www.padelariumgava.com\/es\/normativa-reserva-pista\/"]}]},{"@type":"WebSite","@id":"https:\/\/www.padelariumgava.com\/es\/#website","url":"https:\/\/www.padelariumgava.com\/es\/","name":"Paderarium","description":"Padelarium - P\u00e0del Indoor","publisher":{"@id":"https:\/\/www.padelariumgava.com\/es\/#organization"},"potentialAction":[{"@type":"SearchAction","target":{"@type":"EntryPoint","urlTemplate":"https:\/\/www.padelariumgava.com\/es\/?s={search_term_string}"},"query-input":{"@type":"PropertyValueSpecification","valueRequired":true,"valueName":"search_term_string"}}],"inLanguage":"es"},{"@type":"Organization","@id":"https:\/\/www.padelariumgava.com\/es\/#organization","name":"Club de P\u00e0del a Gav\u00e0 - Padelarium","url":"https:\/\/www.padelariumgava.com\/es\/","logo":{"@type":"ImageObject","inLanguage":"es","@id":"https:\/\/www.padelariumgava.com\/es\/#\/schema\/logo\/image\/","url":"https:\/\/www.padelariumgava.com\/wp-content\/uploads\/sites\/42\/2022\/08\/padelarium-logo.jpg","contentUrl":"https:\/\/www.padelariumgava.com\/wp-content\/uploads\/sites\/42\/2022\/08\/padelarium-logo.jpg","width":211,"height":76,"caption":"Club de P\u00e0del a Gav\u00e0 - Padelarium"},"image":{"@id":"https:\/\/www.padelariumgava.com\/es\/#\/schema\/logo\/image\/"},"sameAs":["https:\/\/www.facebook.com\/padelariumgava\/","https:\/\/www.instagram.com\/padelarium\/"]}]}},"_links":{"self":[{"href":"https:\/\/www.padelariumgava.com\/es\/wp-json\/wp\/v2\/pages\/15122","targetHints":{"allow":["GET"]}}],"collection":[{"href":"https:\/\/www.padelariumgava.com\/es\/wp-json\/wp\/v2\/pages"}],"about":[{"href":"https:\/\/www.padelariumgava.com\/es\/wp-json\/wp\/v2\/types\/page"}],"author":[{"embeddable":true,"href":"https:\/\/www.padelariumgava.com\/es\/wp-json\/wp\/v2\/users\/67"}],"replies":[{"embeddable":true,"href":"https:\/\/www.padelariumgava.com\/es\/wp-json\/wp\/v2\/comments?post=15122"}],"version-history":[{"count":0,"href":"https:\/\/www.padelariumgava.com\/es\/wp-json\/wp\/v2\/pages\/15122\/revisions"}],"wp:attachment":[{"href":"https:\/\/www.padelariumgava.com\/es\/wp-json\/wp\/v2\/media?parent=15122"}],"curies":[{"name":"wp","href":"https:\/\/api.w.org\/{rel}","templated":true}]}}